{"id":60359,"date":"2022-07-04T14:04:41","date_gmt":"2022-07-04T11:54:31","guid":{"rendered":"https:\/\/kingarms.ee\/product\/keskimmainen-ensiapupakkaus-mil-tec\/"},"modified":"2024-08-08T15:19:23","modified_gmt":"2024-08-08T12:19:23","slug":"mid-first-aid-kit-mil-tec-2","status":"publish","type":"product","link":"https:\/\/kingarms.ee\/fi\/product\/mid-first-aid-kit-mil-tec-2\/","title":{"rendered":"Keskimm\u00e4inen ensiapupakkaus  [Mil-Tec]"},"content":{"rendered":"","protected":false},"excerpt":{"rendered":"<p>Miniatyyrinen ensiapupakkaus, joka on kiinnitetty roiskevedenpit\u00e4v\u00e4ll\u00e4 vetoketjulla ja joka on valmistettu Mil-Tecin Ripstop-kudoksella varustetusta materiaalista.<\/p>\n<p>Ensiapupakkaus voidaan asentaa MOLLE\/PALS-hihnaj\u00e4rjestelmill\u00e4 varustettuihin pintoihin.<\/p>\n<p>Varustukseen kuuluu:<br \/>\n&#8211; 1 sidos 50 x 50 mm<br \/>\n&#8211; 6 hakaneulaa<br \/>\n&#8211; 5 puhdistusliinaa<br \/>\n&#8211; 1 rulla 40 mm x 1 m laastareita &#8211; 1 side 75 mm x 4,5 m.<br \/>\n&#8211; 1 pari vinyylik\u00e4sineit\u00e4<br \/>\n&#8211; 1 itseliimautuva kipsi<br \/>\n&#8211; 1 sakset<\/p>\n","protected":false},"featured_media":60335,"template":"","meta":{"_acf_changed":false},"product_brand":[],"product_cat":[481],"product_tag":[],"class_list":{"0":"post-60359","1":"product","2":"type-product","3":"status-publish","4":"has-post-thumbnail","6":"product_cat-ensiapu","8":"first","9":"instock","10":"taxable","11":"shipping-taxable","12":"purchasable","13":"product-type-simple"},"acf":[],"_links":{"self":[{"href":"https:\/\/kingarms.ee\/fi\/wp-json\/wp\/v2\/product\/60359","targetHints":{"allow":["GET"]}}],"collection":[{"href":"https:\/\/kingarms.ee\/fi\/wp-json\/wp\/v2\/product"}],"about":[{"href":"https:\/\/kingarms.ee\/fi\/wp-json\/wp\/v2\/types\/product"}],"wp:featuredmedia":[{"embeddable":true,"href":"https:\/\/kingarms.ee\/fi\/wp-json\/wp\/v2\/media\/60335"}],"wp:attachment":[{"href":"https:\/\/kingarms.ee\/fi\/wp-json\/wp\/v2\/media?parent=60359"}],"wp:term":[{"taxonomy":"product_brand","embeddable":true,"href":"https:\/\/kingarms.ee\/fi\/wp-json\/wp\/v2\/product_brand?post=60359"},{"taxonomy":"product_cat","embeddable":true,"href":"https:\/\/kingarms.ee\/fi\/wp-json\/wp\/v2\/product_cat?post=60359"},{"taxonomy":"product_tag","embeddable":true,"href":"https:\/\/kingarms.ee\/fi\/wp-json\/wp\/v2\/product_tag?post=60359"}],"curies":[{"name":"wp","href":"https:\/\/api.w.org\/{rel}","templated":true}]}}