{"id":60363,"date":"2022-07-04T13:33:29","date_gmt":"2022-07-04T11:54:33","guid":{"rendered":"https:\/\/kingarms.ee\/product\/dbal-a2-lasermoduuli-punainen-wadsn\/"},"modified":"2024-08-08T15:20:48","modified_gmt":"2024-08-08T12:20:48","slug":"dbal-a2-lasermoduuli-red-wadsn","status":"publish","type":"product","link":"https:\/\/kingarms.ee\/fi\/product\/dbal-a2-lasermoduuli-red-wadsn\/","title":{"rendered":"DBAL-A2 Lasermoduuli punainen  [WADSN]"},"content":{"rendered":"","protected":false},"excerpt":{"rendered":"<p><strong><u>Tekniset tiedot:<\/u><\/strong><\/p>\n<ul>\n<li>N\u00e4kyv\u00e4 punainen laserin teho: 5mW<\/li>\n<li>LED-valaisimen teho: 10mW<\/li>\n<li>Kiinnitys: picatinny mount<\/li>\n<li>Paristo: 1 x CR123A (ei sis\u00e4lly).<\/li>\n<li>Koko: 85mm x 70mm x 40mm<\/li>\n<li>Paino: 230g<\/li>\n<li>Tulee kaukos\u00e4\u00e4timen h\u00e4nn\u00e4n kanssa<\/li>\n<\/ul>\n","protected":false},"featured_media":60321,"template":"","meta":{"_acf_changed":false},"product_brand":[],"product_cat":[923],"product_tag":[],"class_list":{"0":"post-60363","1":"product","2":"type-product","3":"status-publish","4":"has-post-thumbnail","6":"product_cat-laser-fi","8":"first","9":"onbackorder","10":"taxable","11":"shipping-taxable","12":"product-type-simple"},"acf":[],"_links":{"self":[{"href":"https:\/\/kingarms.ee\/fi\/wp-json\/wp\/v2\/product\/60363","targetHints":{"allow":["GET"]}}],"collection":[{"href":"https:\/\/kingarms.ee\/fi\/wp-json\/wp\/v2\/product"}],"about":[{"href":"https:\/\/kingarms.ee\/fi\/wp-json\/wp\/v2\/types\/product"}],"wp:featuredmedia":[{"embeddable":true,"href":"https:\/\/kingarms.ee\/fi\/wp-json\/wp\/v2\/media\/60321"}],"wp:attachment":[{"href":"https:\/\/kingarms.ee\/fi\/wp-json\/wp\/v2\/media?parent=60363"}],"wp:term":[{"taxonomy":"product_brand","embeddable":true,"href":"https:\/\/kingarms.ee\/fi\/wp-json\/wp\/v2\/product_brand?post=60363"},{"taxonomy":"product_cat","embeddable":true,"href":"https:\/\/kingarms.ee\/fi\/wp-json\/wp\/v2\/product_cat?post=60363"},{"taxonomy":"product_tag","embeddable":true,"href":"https:\/\/kingarms.ee\/fi\/wp-json\/wp\/v2\/product_tag?post=60363"}],"curies":[{"name":"wp","href":"https:\/\/api.w.org\/{rel}","templated":true}]}}