{"id":60365,"date":"2022-07-04T13:56:11","date_gmt":"2022-07-04T11:54:33","guid":{"rendered":"https:\/\/kingarms.ee\/product\/pieni-ensiapupakkaus-mil-tec\/"},"modified":"2024-08-08T15:20:07","modified_gmt":"2024-08-08T12:20:07","slug":"pieni-ensiapupakkaus-mil-tec","status":"publish","type":"product","link":"https:\/\/kingarms.ee\/fi\/product\/pieni-ensiapupakkaus-mil-tec\/","title":{"rendered":"Pieni ensiapupakkaus  [Mil-tec]"},"content":{"rendered":"","protected":false},"excerpt":{"rendered":"<p>Pieni ensiapupakkaus. Se on ihanteellinen kuljettaa joka p\u00e4iv\u00e4 repussa tai k\u00e4silaukussa, ja se kannattaa my\u00f6s ottaa mukaan matkalle kaupungista tai pidemm\u00e4lle selviytymisretkelle. Se on valmistettu kest\u00e4v\u00e4st\u00e4 RipStop-polyesterist\u00e4, jolle on ominaista korkea kulutuksen ja repe\u00e4misen kest\u00e4vyys.<\/p>\n<p>Ensiapupakkaus on varustettu kiinnitysj\u00e4rjestelm\u00e4ll\u00e4, jonka avulla se voidaan kiinnitt\u00e4\u00e4 reppuun tai kiinnikkeeseen sek\u00e4 pysty- ett\u00e4 vaakasuunnassa. Se sulkeutuu kaksinkertaisella, kaksisuuntaisella vetoketjulla. Kuormaimen sis\u00e4ll\u00e4 on kaksi joustavaa taskua.<\/p>\n<p>Varustukseen kuuluu:<br \/>\n&#8211; 1 50 x 50 mm side<br \/>\n&#8211; 6 hakaneulaa<br \/>\n&#8211; 5 puhdistusliinaa<br \/>\n&#8211; 1 rulla laastaria 40 mm x 1 m<br \/>\n&#8211; 1 side 75 mm x 4,5 m<br \/>\n&#8211; 1 pari vinyylik\u00e4sineit\u00e4<br \/>\n&#8211; 1 liimalaastari<br \/>\n&#8211; 1 sakset.<\/p>\n","protected":false},"featured_media":60326,"template":"","meta":{"_acf_changed":false},"product_brand":[],"product_cat":[481],"product_tag":[],"class_list":{"0":"post-60365","1":"product","2":"type-product","3":"status-publish","4":"has-post-thumbnail","6":"product_cat-ensiapu","8":"first","9":"instock","10":"taxable","11":"shipping-taxable","12":"purchasable","13":"product-type-simple"},"acf":[],"_links":{"self":[{"href":"https:\/\/kingarms.ee\/fi\/wp-json\/wp\/v2\/product\/60365","targetHints":{"allow":["GET"]}}],"collection":[{"href":"https:\/\/kingarms.ee\/fi\/wp-json\/wp\/v2\/product"}],"about":[{"href":"https:\/\/kingarms.ee\/fi\/wp-json\/wp\/v2\/types\/product"}],"wp:featuredmedia":[{"embeddable":true,"href":"https:\/\/kingarms.ee\/fi\/wp-json\/wp\/v2\/media\/60326"}],"wp:attachment":[{"href":"https:\/\/kingarms.ee\/fi\/wp-json\/wp\/v2\/media?parent=60365"}],"wp:term":[{"taxonomy":"product_brand","embeddable":true,"href":"https:\/\/kingarms.ee\/fi\/wp-json\/wp\/v2\/product_brand?post=60365"},{"taxonomy":"product_cat","embeddable":true,"href":"https:\/\/kingarms.ee\/fi\/wp-json\/wp\/v2\/product_cat?post=60365"},{"taxonomy":"product_tag","embeddable":true,"href":"https:\/\/kingarms.ee\/fi\/wp-json\/wp\/v2\/product_tag?post=60365"}],"curies":[{"name":"wp","href":"https:\/\/api.w.org\/{rel}","templated":true}]}}