{"id":60368,"date":"2022-07-04T12:52:30","date_gmt":"2022-07-04T11:54:34","guid":{"rendered":"https:\/\/kingarms.ee\/product\/kasikello-clawgear\/"},"modified":"2024-08-08T15:23:41","modified_gmt":"2024-08-08T12:23:41","slug":"kasikello-kynsilaite","status":"publish","type":"product","link":"https:\/\/kingarms.ee\/fi\/product\/kasikello-kynsilaite\/","title":{"rendered":"K\u00e4sikello  [Clawgear]"},"content":{"rendered":"","protected":false},"excerpt":{"rendered":"<article>\n<div class=\"product-tabs\">\n<div id=\"text\">Luotettava kello sotilas- ja lainvalvontaviranomaisille, joka tarjoaa korkeatasoisen toiminnallisuuden. Kaksoisajastin on kehitetty, koska hyvin usein on kysytty kellotaulua, joka tarjoaa sek\u00e4 analogisia ett\u00e4 digitaalisia toimintoja. Sis\u00e4lt\u00e4\u00e4 korkean tiheyden polykarbonaattikotelo, musta-ops suunnittelu ilman heijastavia metalliosia, digitaalinen kompassi, maailman ajastin, h\u00e4lytystila, ajanotto ja paljon muuta. Valkoiset viisarit ja musta matriisin\u00e4ytt\u00f6, jossa on taustavalon kytkin, takaavat hyv\u00e4n n\u00e4kyvyyden vaikeissa olosuhteissa. Tilapainikkeen k\u00e4yt\u00f6n merkki\u00e4\u00e4net voidaan kytke\u00e4 pois p\u00e4\u00e4lt\u00e4.<\/div>\n<\/div>\n<\/article>\n","protected":false},"featured_media":60265,"template":"","meta":{"_acf_changed":false},"product_brand":[],"product_cat":[486],"product_tag":[],"class_list":{"0":"post-60368","1":"product","2":"type-product","3":"status-publish","4":"has-post-thumbnail","6":"product_cat-kasikello","8":"first","9":"onbackorder","10":"taxable","11":"shipping-taxable","12":"product-type-simple"},"acf":[],"_links":{"self":[{"href":"https:\/\/kingarms.ee\/fi\/wp-json\/wp\/v2\/product\/60368","targetHints":{"allow":["GET"]}}],"collection":[{"href":"https:\/\/kingarms.ee\/fi\/wp-json\/wp\/v2\/product"}],"about":[{"href":"https:\/\/kingarms.ee\/fi\/wp-json\/wp\/v2\/types\/product"}],"wp:featuredmedia":[{"embeddable":true,"href":"https:\/\/kingarms.ee\/fi\/wp-json\/wp\/v2\/media\/60265"}],"wp:attachment":[{"href":"https:\/\/kingarms.ee\/fi\/wp-json\/wp\/v2\/media?parent=60368"}],"wp:term":[{"taxonomy":"product_brand","embeddable":true,"href":"https:\/\/kingarms.ee\/fi\/wp-json\/wp\/v2\/product_brand?post=60368"},{"taxonomy":"product_cat","embeddable":true,"href":"https:\/\/kingarms.ee\/fi\/wp-json\/wp\/v2\/product_cat?post=60368"},{"taxonomy":"product_tag","embeddable":true,"href":"https:\/\/kingarms.ee\/fi\/wp-json\/wp\/v2\/product_tag?post=60368"}],"curies":[{"name":"wp","href":"https:\/\/api.w.org\/{rel}","templated":true}]}}