{"id":60453,"date":"2022-07-07T13:33:33","date_gmt":"2022-07-07T10:35:24","guid":{"rendered":"https:\/\/kingarms.ee\/product\/cybergun-bio-300bbs-yhden-laukauksen-kranaatinheittimet\/"},"modified":"2025-03-02T17:54:13","modified_gmt":"2025-03-02T14:54:13","slug":"cybergun-bio-300bbs-one-shot-grenade-laucher-2","status":"publish","type":"product","link":"https:\/\/kingarms.ee\/fi\/product\/cybergun-bio-300bbs-one-shot-grenade-laucher-2\/","title":{"rendered":"Cybergun BIO 300BBs yhden laukauksen kranaatinheittimet"},"content":{"rendered":"","protected":false},"excerpt":{"rendered":"<p>Cybergun BIO 300BBs yhden laukauksen kranaatinheittimet<\/p>\n<p>T\u00e4m\u00e4 laite laukaisee BIO 300bbs:n noin 30 metrin et\u00e4isyydelt\u00e4 ja aktivoituu pohjaan kiert\u00e4m\u00e4ll\u00e4.<\/p>\n<p>sis\u00e4ll\u00e4 ei ole pyroteknisi\u00e4 komponentteja !<\/p>\n<p>Kertak\u00e4ytt\u00f6<\/p>\n<p>https:\/\/www.youtube.com\/watch?v=4RPyVipLqfc&amp;t=8s<\/p>\n","protected":false},"featured_media":60450,"template":"","meta":{"_acf_changed":false},"product_brand":[],"product_cat":[385],"product_tag":[],"class_list":{"0":"post-60453","1":"product","2":"type-product","3":"status-publish","4":"has-post-thumbnail","6":"product_cat-kranaatti","8":"first","9":"instock","10":"sale","11":"taxable","12":"shipping-taxable","13":"purchasable","14":"product-type-simple"},"acf":[],"_links":{"self":[{"href":"https:\/\/kingarms.ee\/fi\/wp-json\/wp\/v2\/product\/60453","targetHints":{"allow":["GET"]}}],"collection":[{"href":"https:\/\/kingarms.ee\/fi\/wp-json\/wp\/v2\/product"}],"about":[{"href":"https:\/\/kingarms.ee\/fi\/wp-json\/wp\/v2\/types\/product"}],"wp:featuredmedia":[{"embeddable":true,"href":"https:\/\/kingarms.ee\/fi\/wp-json\/wp\/v2\/media\/60450"}],"wp:attachment":[{"href":"https:\/\/kingarms.ee\/fi\/wp-json\/wp\/v2\/media?parent=60453"}],"wp:term":[{"taxonomy":"product_brand","embeddable":true,"href":"https:\/\/kingarms.ee\/fi\/wp-json\/wp\/v2\/product_brand?post=60453"},{"taxonomy":"product_cat","embeddable":true,"href":"https:\/\/kingarms.ee\/fi\/wp-json\/wp\/v2\/product_cat?post=60453"},{"taxonomy":"product_tag","embeddable":true,"href":"https:\/\/kingarms.ee\/fi\/wp-json\/wp\/v2\/product_tag?post=60453"}],"curies":[{"name":"wp","href":"https:\/\/api.w.org\/{rel}","templated":true}]}}