{"id":60607,"date":"2022-07-18T03:15:42","date_gmt":"2022-07-18T01:30:41","guid":{"rendered":"https:\/\/kingarms.ee\/product\/nopea-latauslaite-colt-pythonille-cybergun\/"},"modified":"2024-08-08T15:15:07","modified_gmt":"2024-08-08T12:15:07","slug":"speed-loader-for-colt-python-cybergun-2","status":"publish","type":"product","link":"https:\/\/kingarms.ee\/fi\/product\/speed-loader-for-colt-python-cybergun-2\/","title":{"rendered":"Nopea latauslaite Colt Pythonille  [Cybergun]"},"content":{"rendered":"","protected":false},"excerpt":{"rendered":"<p>Valmistele hylsylatauksesi etuk\u00e4teen t\u00e4m\u00e4n erityisesti Colt Python 357 Magnum -revolvereille suunnitellun pikalataajan avulla, eiv\u00e4tk\u00e4 ammukset lopu koskaan kesken!<\/p>\n<p>Airsoft-revolverin kotelon laturi on olennainen lis\u00e4varuste, joka parantaa replikaasi k\u00e4ytt\u00f6mukavuutta. Sen avulla voit s\u00e4ilytt\u00e4\u00e4 6 patruunapes\u00e4\u00e4, jotka ovat valmiina ladattavaksi Colt Python -mallin piippuun.<\/p>\n","protected":false},"featured_media":60522,"template":"","meta":{"_acf_changed":false},"product_brand":[],"product_cat":[657],"product_tag":[],"class_list":{"0":"post-60607","1":"product","2":"type-product","3":"status-publish","4":"has-post-thumbnail","6":"product_cat-airsoft-fi-3","8":"first","9":"instock","10":"taxable","11":"shipping-taxable","12":"purchasable","13":"product-type-simple"},"acf":[],"_links":{"self":[{"href":"https:\/\/kingarms.ee\/fi\/wp-json\/wp\/v2\/product\/60607","targetHints":{"allow":["GET"]}}],"collection":[{"href":"https:\/\/kingarms.ee\/fi\/wp-json\/wp\/v2\/product"}],"about":[{"href":"https:\/\/kingarms.ee\/fi\/wp-json\/wp\/v2\/types\/product"}],"wp:featuredmedia":[{"embeddable":true,"href":"https:\/\/kingarms.ee\/fi\/wp-json\/wp\/v2\/media\/60522"}],"wp:attachment":[{"href":"https:\/\/kingarms.ee\/fi\/wp-json\/wp\/v2\/media?parent=60607"}],"wp:term":[{"taxonomy":"product_brand","embeddable":true,"href":"https:\/\/kingarms.ee\/fi\/wp-json\/wp\/v2\/product_brand?post=60607"},{"taxonomy":"product_cat","embeddable":true,"href":"https:\/\/kingarms.ee\/fi\/wp-json\/wp\/v2\/product_cat?post=60607"},{"taxonomy":"product_tag","embeddable":true,"href":"https:\/\/kingarms.ee\/fi\/wp-json\/wp\/v2\/product_tag?post=60607"}],"curies":[{"name":"wp","href":"https:\/\/api.w.org\/{rel}","templated":true}]}}