{"id":60612,"date":"2022-07-18T04:06:13","date_gmt":"2022-07-18T01:30:41","guid":{"rendered":"https:\/\/kingarms.ee\/product\/m58b-double-eagle\/"},"modified":"2024-08-08T15:12:14","modified_gmt":"2024-08-08T12:12:14","slug":"m58b-kaksoiskotka","status":"publish","type":"product","link":"https:\/\/kingarms.ee\/fi\/product\/m58b-kaksoiskotka\/","title":{"rendered":"M58B  [Double Eagle]"},"content":{"rendered":"","protected":false},"excerpt":{"rendered":"<p>V\u00e4ri musta<br \/>\nMateriaali: nailon, alumiini<br \/>\nPalotila: yksitt\u00e4inen<br \/>\nLehden materiaali: ABS<br \/>\nTakuuaika: 6 kuukautta<br \/>\nAmmukset: .23g, .20g<br \/>\nPituus: 675 mm<br \/>\nLippaan kapasiteetti: 14 patruunaa<br \/>\nSulkuenergia: 0,78 J<br \/>\nSuihkunopeus fps: 290<br \/>\nLehtien lukum\u00e4\u00e4r\u00e4 sarjassa kpl..: 2<\/p>\n","protected":false},"featured_media":60566,"template":"","meta":{"_acf_changed":false},"product_brand":[],"product_cat":[669],"product_tag":[],"class_list":{"0":"post-60612","1":"product","2":"type-product","3":"status-publish","4":"has-post-thumbnail","6":"product_cat-pumppuaseet","8":"first","9":"outofstock","10":"taxable","11":"shipping-taxable","12":"purchasable","13":"product-type-simple"},"acf":[],"_links":{"self":[{"href":"https:\/\/kingarms.ee\/fi\/wp-json\/wp\/v2\/product\/60612","targetHints":{"allow":["GET"]}}],"collection":[{"href":"https:\/\/kingarms.ee\/fi\/wp-json\/wp\/v2\/product"}],"about":[{"href":"https:\/\/kingarms.ee\/fi\/wp-json\/wp\/v2\/types\/product"}],"wp:featuredmedia":[{"embeddable":true,"href":"https:\/\/kingarms.ee\/fi\/wp-json\/wp\/v2\/media\/60566"}],"wp:attachment":[{"href":"https:\/\/kingarms.ee\/fi\/wp-json\/wp\/v2\/media?parent=60612"}],"wp:term":[{"taxonomy":"product_brand","embeddable":true,"href":"https:\/\/kingarms.ee\/fi\/wp-json\/wp\/v2\/product_brand?post=60612"},{"taxonomy":"product_cat","embeddable":true,"href":"https:\/\/kingarms.ee\/fi\/wp-json\/wp\/v2\/product_cat?post=60612"},{"taxonomy":"product_tag","embeddable":true,"href":"https:\/\/kingarms.ee\/fi\/wp-json\/wp\/v2\/product_tag?post=60612"}],"curies":[{"name":"wp","href":"https:\/\/api.w.org\/{rel}","templated":true}]}}