{"id":60613,"date":"2022-07-18T04:20:00","date_gmt":"2022-07-18T01:30:41","guid":{"rendered":"https:\/\/kingarms.ee\/product\/spas12-double-eagle\/"},"modified":"2024-08-08T15:09:24","modified_gmt":"2024-08-08T12:09:24","slug":"spas12-kaksoiskotka","status":"publish","type":"product","link":"https:\/\/kingarms.ee\/fi\/product\/spas12-kaksoiskotka\/","title":{"rendered":"SPAS12  [Double Eagle]"},"content":{"rendered":"","protected":false},"excerpt":{"rendered":"<p>Melko paljon mit\u00e4 ajattelet, kun n\u00e4et SPAS-12:n &#8211; se on ikoninen ase, jota k\u00e4ytet\u00e4\u00e4n Hollywoodissa ja videopeleiss\u00e4 hyv\u00e4st\u00e4 syyst\u00e4! Se n\u00e4ytt\u00e4\u00e4 upealta, ja t\u00e4ss\u00e4 airsoft-replikaatiossa sinulla on ase, joka toimii yht\u00e4 hyvin kuin milt\u00e4 se n\u00e4ytt\u00e4\u00e4 &#8211; 3 laukausta liipaisimen vetoa kohden k\u00e4ytt\u00e4en samaa hienoa tri-shot-j\u00e4rjestelm\u00e4\u00e4, jota on kokeiltu ja testattu vuosien varrella.<\/p>\n<p>Pumpun toiminta on j\u00e4ykk\u00e4\u00e4, joten suosittelemme pumppaamaan pumpun takaosasta (kyyn\u00e4rvarren yl\u00e4osasta, k\u00e4si liukuu taaksep\u00e4in) ja yritt\u00e4m\u00e4\u00e4n tehd\u00e4 sen nopeasti. N\u00e4in se on helpompi valmistaa joka kerta! Koska kyseess\u00e4 on jousik\u00e4ytt\u00f6inen haulikko, pumppu kallistaa m\u00e4nn\u00e4t ja lataa patruunat. Se tarkoittaa, ett\u00e4 sinun ei tarvitse ladata akkuja tai tankata bensaa &#8211; t\u00e4yt\u00e4 vain hylsyt ja l\u00e4hde liikkeelle!<\/p>\n<p>Kuhunkin hylsyyn mahtuu 30 BB:t\u00e4, ja koska se ampuu 3 kerrallaan, sinulla on 10 laukausta ennen kuin sinun tarvitsee ladata uudelleen.<\/p>\n","protected":false},"featured_media":60599,"template":"","meta":{"_acf_changed":false},"product_brand":[],"product_cat":[669],"product_tag":[],"class_list":{"0":"post-60613","1":"product","2":"type-product","3":"status-publish","4":"has-post-thumbnail","6":"product_cat-pumppuaseet","8":"first","9":"onbackorder","10":"taxable","11":"shipping-taxable","12":"product-type-simple"},"acf":[],"_links":{"self":[{"href":"https:\/\/kingarms.ee\/fi\/wp-json\/wp\/v2\/product\/60613","targetHints":{"allow":["GET"]}}],"collection":[{"href":"https:\/\/kingarms.ee\/fi\/wp-json\/wp\/v2\/product"}],"about":[{"href":"https:\/\/kingarms.ee\/fi\/wp-json\/wp\/v2\/types\/product"}],"wp:featuredmedia":[{"embeddable":true,"href":"https:\/\/kingarms.ee\/fi\/wp-json\/wp\/v2\/media\/60599"}],"wp:attachment":[{"href":"https:\/\/kingarms.ee\/fi\/wp-json\/wp\/v2\/media?parent=60613"}],"wp:term":[{"taxonomy":"product_brand","embeddable":true,"href":"https:\/\/kingarms.ee\/fi\/wp-json\/wp\/v2\/product_brand?post=60613"},{"taxonomy":"product_cat","embeddable":true,"href":"https:\/\/kingarms.ee\/fi\/wp-json\/wp\/v2\/product_cat?post=60613"},{"taxonomy":"product_tag","embeddable":true,"href":"https:\/\/kingarms.ee\/fi\/wp-json\/wp\/v2\/product_tag?post=60613"}],"curies":[{"name":"wp","href":"https:\/\/api.w.org\/{rel}","templated":true}]}}