{"id":60619,"date":"2022-07-18T04:11:18","date_gmt":"2022-07-18T01:30:42","guid":{"rendered":"https:\/\/kingarms.ee\/product\/m56a-double-eagle\/"},"modified":"2024-08-08T15:10:47","modified_gmt":"2024-08-08T12:10:47","slug":"m56a-kaksoiskotka","status":"publish","type":"product","link":"https:\/\/kingarms.ee\/fi\/product\/m56a-kaksoiskotka\/","title":{"rendered":"M56A  [Double Eagle]"},"content":{"rendered":"","protected":false},"excerpt":{"rendered":"<p>M56A [Double Eagle]<\/p>\n<p>Materiaali: nailon, alumiini<br \/>\nPalotila: yksitt\u00e4inen<br \/>\nLipasmalli: haulikko<br \/>\nLehden materiaali: ABS<br \/>\nTakuuaika: 6 kuukautta<br \/>\nAmmukset: .23g, .20g<br \/>\nPituus: 900 mm<br \/>\nLippaan kapasiteetti: 30 patruunaa<br \/>\nSulkuenergia: 0,78 J<br \/>\nSuihkunopeus fps: 290<br \/>\nLehtien lukum\u00e4\u00e4r\u00e4 sarjassa kpl..: 3<\/p>\n","protected":false},"featured_media":60580,"template":"","meta":{"_acf_changed":false},"product_brand":[],"product_cat":[669],"product_tag":[],"class_list":{"0":"post-60619","1":"product","2":"type-product","3":"status-publish","4":"has-post-thumbnail","6":"product_cat-pumppuaseet","8":"first","9":"instock","10":"taxable","11":"shipping-taxable","12":"purchasable","13":"product-type-simple"},"acf":[],"_links":{"self":[{"href":"https:\/\/kingarms.ee\/fi\/wp-json\/wp\/v2\/product\/60619","targetHints":{"allow":["GET"]}}],"collection":[{"href":"https:\/\/kingarms.ee\/fi\/wp-json\/wp\/v2\/product"}],"about":[{"href":"https:\/\/kingarms.ee\/fi\/wp-json\/wp\/v2\/types\/product"}],"wp:featuredmedia":[{"embeddable":true,"href":"https:\/\/kingarms.ee\/fi\/wp-json\/wp\/v2\/media\/60580"}],"wp:attachment":[{"href":"https:\/\/kingarms.ee\/fi\/wp-json\/wp\/v2\/media?parent=60619"}],"wp:term":[{"taxonomy":"product_brand","embeddable":true,"href":"https:\/\/kingarms.ee\/fi\/wp-json\/wp\/v2\/product_brand?post=60619"},{"taxonomy":"product_cat","embeddable":true,"href":"https:\/\/kingarms.ee\/fi\/wp-json\/wp\/v2\/product_cat?post=60619"},{"taxonomy":"product_tag","embeddable":true,"href":"https:\/\/kingarms.ee\/fi\/wp-json\/wp\/v2\/product_tag?post=60619"}],"curies":[{"name":"wp","href":"https:\/\/api.w.org\/{rel}","templated":true}]}}