{"id":60634,"date":"2022-07-18T03:27:56","date_gmt":"2022-07-18T00:27:56","guid":{"rendered":"https:\/\/kingarms.ee\/product\/1911-sotilaskiskopistooli-tan-swiss-arms\/"},"modified":"2024-08-08T15:14:23","modified_gmt":"2024-08-08T12:14:23","slug":"1911-sotilaskiskopistooli-tan-swiss-arms","status":"publish","type":"product","link":"https:\/\/kingarms.ee\/fi\/product\/1911-sotilaskiskopistooli-tan-swiss-arms\/","title":{"rendered":"1911 Sotilaskiskopistooli Tan  [Swiss Arms]"},"content":{"rendered":"","protected":false},"excerpt":{"rendered":"<p>T\u00e4ysin metallinen materiaali<br \/>\nCO\u00b2-kuljetus (12 g kapseli)<br \/>\nErgonominen kahva, jossa on hyv\u00e4 pito<br \/>\nPaino 942 g<br \/>\nPituus 220 mm<br \/>\nTeho 1,6 Joulea max<br \/>\nLaukaisunopeus 96 m \/ s \/ 314 fps<br \/>\nLaukauksen suurin kantama 64 mt<br \/>\nAsetintyyppi, puoliautomaattinen takaiskulaukaisu<br \/>\nSe k\u00e4ytt\u00e4\u00e4 pallomaisia ilmapalloja kaliiperi 4.5mm pelletit<\/p>\n","protected":false},"featured_media":60535,"template":"","meta":{"_acf_changed":false},"product_brand":[],"product_cat":[672],"product_tag":[],"class_list":{"0":"post-60634","1":"product","2":"type-product","3":"status-publish","4":"has-post-thumbnail","6":"product_cat-pienaseet","8":"first","9":"instock","10":"taxable","11":"shipping-taxable","12":"purchasable","13":"product-type-simple"},"acf":[],"_links":{"self":[{"href":"https:\/\/kingarms.ee\/fi\/wp-json\/wp\/v2\/product\/60634","targetHints":{"allow":["GET"]}}],"collection":[{"href":"https:\/\/kingarms.ee\/fi\/wp-json\/wp\/v2\/product"}],"about":[{"href":"https:\/\/kingarms.ee\/fi\/wp-json\/wp\/v2\/types\/product"}],"wp:featuredmedia":[{"embeddable":true,"href":"https:\/\/kingarms.ee\/fi\/wp-json\/wp\/v2\/media\/60535"}],"wp:attachment":[{"href":"https:\/\/kingarms.ee\/fi\/wp-json\/wp\/v2\/media?parent=60634"}],"wp:term":[{"taxonomy":"product_brand","embeddable":true,"href":"https:\/\/kingarms.ee\/fi\/wp-json\/wp\/v2\/product_brand?post=60634"},{"taxonomy":"product_cat","embeddable":true,"href":"https:\/\/kingarms.ee\/fi\/wp-json\/wp\/v2\/product_cat?post=60634"},{"taxonomy":"product_tag","embeddable":true,"href":"https:\/\/kingarms.ee\/fi\/wp-json\/wp\/v2\/product_tag?post=60634"}],"curies":[{"name":"wp","href":"https:\/\/api.w.org\/{rel}","templated":true}]}}