{"id":60639,"date":"2022-07-18T03:48:30","date_gmt":"2022-07-18T01:30:43","guid":{"rendered":"https:\/\/kingarms.ee\/product\/teravakarkiset-haulikot-45mm-cal-177-korkea-luokka-swiss-arms\/"},"modified":"2024-08-08T15:12:57","modified_gmt":"2024-08-08T12:12:57","slug":"teravakarkiset-pelletit-45mm-cal-177-high-grade-sissit-aseet","status":"publish","type":"product","link":"https:\/\/kingarms.ee\/fi\/product\/teravakarkiset-pelletit-45mm-cal-177-high-grade-sissit-aseet\/","title":{"rendered":"Ter\u00e4v\u00e4k\u00e4rkiset haulikot 4,5mm cal.177 Korkea luokka  [Swiss Arms]"},"content":{"rendered":"","protected":false},"excerpt":{"rendered":"<p>Johdonmukaisuus ja tarkkuus ovat avainasemassa onnistuneessa ammunnassa, ja n\u00e4m\u00e4 Swiss Armsin litte\u00e4t haulikot auttavat siin\u00e4.<\/p>\n","protected":false},"featured_media":60546,"template":"","meta":{"_acf_changed":false},"product_brand":[],"product_cat":[241],"product_tag":[],"class_list":{"0":"post-60639","1":"product","2":"type-product","3":"status-publish","4":"has-post-thumbnail","6":"product_cat-ilmakivaareita","8":"first","9":"onbackorder","10":"taxable","11":"shipping-taxable","12":"product-type-simple"},"acf":[],"_links":{"self":[{"href":"https:\/\/kingarms.ee\/fi\/wp-json\/wp\/v2\/product\/60639","targetHints":{"allow":["GET"]}}],"collection":[{"href":"https:\/\/kingarms.ee\/fi\/wp-json\/wp\/v2\/product"}],"about":[{"href":"https:\/\/kingarms.ee\/fi\/wp-json\/wp\/v2\/types\/product"}],"wp:featuredmedia":[{"embeddable":true,"href":"https:\/\/kingarms.ee\/fi\/wp-json\/wp\/v2\/media\/60546"}],"wp:attachment":[{"href":"https:\/\/kingarms.ee\/fi\/wp-json\/wp\/v2\/media?parent=60639"}],"wp:term":[{"taxonomy":"product_brand","embeddable":true,"href":"https:\/\/kingarms.ee\/fi\/wp-json\/wp\/v2\/product_brand?post=60639"},{"taxonomy":"product_cat","embeddable":true,"href":"https:\/\/kingarms.ee\/fi\/wp-json\/wp\/v2\/product_cat?post=60639"},{"taxonomy":"product_tag","embeddable":true,"href":"https:\/\/kingarms.ee\/fi\/wp-json\/wp\/v2\/product_tag?post=60639"}],"curies":[{"name":"wp","href":"https:\/\/api.w.org\/{rel}","templated":true}]}}