{"id":60884,"date":"2022-07-18T12:05:53","date_gmt":"2022-07-18T11:12:57","guid":{"rendered":"https:\/\/kingarms.ee\/product\/cobra-jarjestelma-r9\/"},"modified":"2024-08-08T15:08:42","modified_gmt":"2024-08-08T12:08:42","slug":"cobra-jarjestelma-r9","status":"publish","type":"product","link":"https:\/\/kingarms.ee\/fi\/product\/cobra-jarjestelma-r9\/","title":{"rendered":"COBRA-J\u00c4RJESTELM\u00c4 R9"},"content":{"rendered":"","protected":false},"excerpt":{"rendered":"<p>Cobra-j\u00e4rjestelm\u00e4 r9<\/p>\n<p>Vetopaino: 90lbs<br \/>\nNopeus: 240fps<br \/>\nIskuteho 7,5&#8243;<br \/>\nLasikuitu raajat<br \/>\n3 picatinny-kiskoa<br \/>\nTurvalukko<br \/>\nSis\u00e4\u00e4neettava tuki<br \/>\nPunainen piste<br \/>\nPystysuora jarru<br \/>\n1-point sling<br \/>\n6x 7,5 tuuman hiilipultit<br \/>\nLasit, jousivaha<br \/>\nPituus 76-82cm<br \/>\nPaino 2,5 kg<\/p>\n","protected":false},"featured_media":60678,"template":"","meta":{"_acf_changed":false},"product_brand":[],"product_cat":[257,791],"product_tag":[],"class_list":{"0":"post-60884","1":"product","2":"type-product","3":"status-publish","4":"has-post-thumbnail","6":"product_cat-keula-ja-pitkajousi","7":"product_cat-varsijouset","9":"first","10":"instock","11":"sale","12":"taxable","13":"shipping-taxable","14":"purchasable","15":"product-type-simple"},"acf":[],"_links":{"self":[{"href":"https:\/\/kingarms.ee\/fi\/wp-json\/wp\/v2\/product\/60884","targetHints":{"allow":["GET"]}}],"collection":[{"href":"https:\/\/kingarms.ee\/fi\/wp-json\/wp\/v2\/product"}],"about":[{"href":"https:\/\/kingarms.ee\/fi\/wp-json\/wp\/v2\/types\/product"}],"wp:featuredmedia":[{"embeddable":true,"href":"https:\/\/kingarms.ee\/fi\/wp-json\/wp\/v2\/media\/60678"}],"wp:attachment":[{"href":"https:\/\/kingarms.ee\/fi\/wp-json\/wp\/v2\/media?parent=60884"}],"wp:term":[{"taxonomy":"product_brand","embeddable":true,"href":"https:\/\/kingarms.ee\/fi\/wp-json\/wp\/v2\/product_brand?post=60884"},{"taxonomy":"product_cat","embeddable":true,"href":"https:\/\/kingarms.ee\/fi\/wp-json\/wp\/v2\/product_cat?post=60884"},{"taxonomy":"product_tag","embeddable":true,"href":"https:\/\/kingarms.ee\/fi\/wp-json\/wp\/v2\/product_tag?post=60884"}],"curies":[{"name":"wp","href":"https:\/\/api.w.org\/{rel}","templated":true}]}}