{"id":60886,"date":"2022-07-18T12:19:44","date_gmt":"2022-07-18T11:12:57","guid":{"rendered":"https:\/\/kingarms.ee\/product\/varsijousi-185-lbs-ek-archery\/"},"modified":"2024-08-08T15:05:44","modified_gmt":"2024-08-08T12:05:44","slug":"yhdistelma-varsijousi-kiihtyja-410-musta-185-lbs-ek-archery","status":"publish","type":"product","link":"https:\/\/kingarms.ee\/fi\/product\/yhdistelma-varsijousi-kiihtyja-410-musta-185-lbs-ek-archery\/","title":{"rendered":"VARSIJOUSI 185 LBS  [EK ARCHERY]"},"content":{"rendered":"","protected":false},"excerpt":{"rendered":"<p>Varsijousi kiihdytin 410+<br \/>\nVetopaino: 185 lbs<br \/>\nNopeus: 400fps<br \/>\nIskuteho 14,5&#8243;<br \/>\nLasikuitu raajat<br \/>\nVahvistettu komposiitti s\u00e4\u00e4dett\u00e4v\u00e4 varsi<br \/>\nVakio 20mm kiskot<br \/>\nT\u00e4ht\u00e4in, jossa on 4x zoom ja 32mm objektiivinen linssi<br \/>\nKokoontaitettava etukahva<br \/>\nOlkap\u00e4\u00e4hihna<br \/>\n3x 20&#8243; carbon bolts<br \/>\n3 jousen jousit\u00e4rppi, kukkoiluk\u00f6ysi, suojalasit ja vaha.<br \/>\nPituus 900mm &#8211; 965mm<br \/>\nPaino 3600g<\/p>\n","protected":false},"featured_media":60703,"template":"","meta":{"_acf_changed":false},"product_brand":[],"product_cat":[257,791],"product_tag":[],"class_list":{"0":"post-60886","1":"product","2":"type-product","3":"status-publish","4":"has-post-thumbnail","6":"product_cat-keula-ja-pitkajousi","7":"product_cat-varsijouset","9":"first","10":"instock","11":"taxable","12":"shipping-taxable","13":"purchasable","14":"product-type-simple"},"acf":[],"_links":{"self":[{"href":"https:\/\/kingarms.ee\/fi\/wp-json\/wp\/v2\/product\/60886","targetHints":{"allow":["GET"]}}],"collection":[{"href":"https:\/\/kingarms.ee\/fi\/wp-json\/wp\/v2\/product"}],"about":[{"href":"https:\/\/kingarms.ee\/fi\/wp-json\/wp\/v2\/types\/product"}],"wp:featuredmedia":[{"embeddable":true,"href":"https:\/\/kingarms.ee\/fi\/wp-json\/wp\/v2\/media\/60703"}],"wp:attachment":[{"href":"https:\/\/kingarms.ee\/fi\/wp-json\/wp\/v2\/media?parent=60886"}],"wp:term":[{"taxonomy":"product_brand","embeddable":true,"href":"https:\/\/kingarms.ee\/fi\/wp-json\/wp\/v2\/product_brand?post=60886"},{"taxonomy":"product_cat","embeddable":true,"href":"https:\/\/kingarms.ee\/fi\/wp-json\/wp\/v2\/product_cat?post=60886"},{"taxonomy":"product_tag","embeddable":true,"href":"https:\/\/kingarms.ee\/fi\/wp-json\/wp\/v2\/product_tag?post=60886"}],"curies":[{"name":"wp","href":"https:\/\/api.w.org\/{rel}","templated":true}]}}