{"id":60894,"date":"2022-07-18T12:22:39","date_gmt":"2022-07-18T11:12:58","guid":{"rendered":"https:\/\/kingarms.ee\/product\/recurve-varsijousi-alligaattori-tcs2-80-lbs-man-kung\/"},"modified":"2024-08-08T15:05:04","modified_gmt":"2024-08-08T12:05:04","slug":"recurve-varsijousi-alligator-tcs2-80-lbs-man-kung","status":"publish","type":"product","link":"https:\/\/kingarms.ee\/fi\/product\/recurve-varsijousi-alligator-tcs2-80-lbs-man-kung\/","title":{"rendered":"RECURVE VARSIJOUSI ALLIGAATTORI TCS2 80 LBS  [MAN KUNG]"},"content":{"rendered":"","protected":false},"excerpt":{"rendered":"<p>Vetopaino 80 lbs<br \/>\nNopeus 185 fps<br \/>\nIskuteho 6&#8243;<br \/>\nItsekiristyv\u00e4 varren kanssa<br \/>\nLasikuitu raajat<br \/>\nPolymeerirunko<br \/>\nVakio 20mm yl\u00e4- ja alak\u00e4ytt\u00f6kisteet<br \/>\nT\u00e4ht\u00e4imet mukana s\u00e4\u00e4dett\u00e4v\u00e4ll\u00e4 takat\u00e4ht\u00e4imell\u00e4<br \/>\nEtukahva<br \/>\nSis\u00e4\u00e4neettava tuki<br \/>\nLeveys 42cm (16,5 tuumaa)<br \/>\nPituus 56cm-62cm (22.5-24.4 inch)<br \/>\nPaino 1000g<br \/>\nSuositellut 6,5&#8243; alumiinipultit<br \/>\nPaketti sis\u00e4lt\u00e4\u00e4 3x 6,5&#8243; alumiinipultit<br \/>\nHelppo kokoaminen, asennustarvikkeet mukana<\/p>\n","protected":false},"featured_media":60708,"template":"","meta":{"_acf_changed":false},"product_brand":[],"product_cat":[257,791],"product_tag":[],"class_list":{"0":"post-60894","1":"product","2":"type-product","3":"status-publish","4":"has-post-thumbnail","6":"product_cat-keula-ja-pitkajousi","7":"product_cat-varsijouset","9":"first","10":"instock","11":"taxable","12":"shipping-taxable","13":"purchasable","14":"product-type-simple"},"acf":[],"_links":{"self":[{"href":"https:\/\/kingarms.ee\/fi\/wp-json\/wp\/v2\/product\/60894","targetHints":{"allow":["GET"]}}],"collection":[{"href":"https:\/\/kingarms.ee\/fi\/wp-json\/wp\/v2\/product"}],"about":[{"href":"https:\/\/kingarms.ee\/fi\/wp-json\/wp\/v2\/types\/product"}],"wp:featuredmedia":[{"embeddable":true,"href":"https:\/\/kingarms.ee\/fi\/wp-json\/wp\/v2\/media\/60708"}],"wp:attachment":[{"href":"https:\/\/kingarms.ee\/fi\/wp-json\/wp\/v2\/media?parent=60894"}],"wp:term":[{"taxonomy":"product_brand","embeddable":true,"href":"https:\/\/kingarms.ee\/fi\/wp-json\/wp\/v2\/product_brand?post=60894"},{"taxonomy":"product_cat","embeddable":true,"href":"https:\/\/kingarms.ee\/fi\/wp-json\/wp\/v2\/product_cat?post=60894"},{"taxonomy":"product_tag","embeddable":true,"href":"https:\/\/kingarms.ee\/fi\/wp-json\/wp\/v2\/product_tag?post=60894"}],"curies":[{"name":"wp","href":"https:\/\/api.w.org\/{rel}","templated":true}]}}