{"id":60911,"date":"2022-07-18T12:31:46","date_gmt":"2022-07-18T09:31:46","guid":{"rendered":"https:\/\/kingarms.ee\/product\/cobra-system-yhdistelmavarsijousi-150-lbs-ek-archery\/"},"modified":"2024-08-08T15:02:06","modified_gmt":"2024-08-08T12:02:06","slug":"cobra-system-compound-varsijousi-150-lbs-ek-archery","status":"publish","type":"product","link":"https:\/\/kingarms.ee\/fi\/product\/cobra-system-compound-varsijousi-150-lbs-ek-archery\/","title":{"rendered":"COBRA SYSTEM YHDISTELM\u00c4VARSIJOUSI 150 LBS  [EK ARCHERY]"},"content":{"rendered":"","protected":false},"excerpt":{"rendered":"<p>Cobra system yhdistelm\u00e4varsijousi 150 lbs [ek archery]<\/p>\n<p>Yhdistelm\u00e4varsijousi, jossa on itsehakautuva varsijousi, jossa on itsehakautuva varsijousij\u00e4rjestelm\u00e4<br \/>\nVetopaino: 150 lbs<br \/>\nNopeus: 300fps<br \/>\nTehoisku: 8,25&#8243;<br \/>\nAkselista akseliin 6,875&#8243; kallistettuna &#8211; 10,5&#8243; kallistamattomana.<br \/>\nLasikuitu raajat<br \/>\nStandardi 20mm yl\u00e4kaiko<br \/>\nSis\u00e4\u00e4nvedett\u00e4v\u00e4 varsi ar15\/m16 tyyliin<br \/>\nAlumiini punainen dot zoom 4x lens 32mm valaistettu punainen tai sininen<br \/>\nKokoontaitettava etujalka<br \/>\nErgonominen pystysuora ote<br \/>\n1-pisteen rintareppu, jossa on nopea irrotus<br \/>\n3x 15.5&#8243; carbon pultit<br \/>\nNopeasti irrotettava vapina<br \/>\nLasit, jousivaha<br \/>\nPituus 820mm-925mm<br \/>\nPaino 3400g<br \/>\nMusta v\u00e4ri<\/p>\n","protected":false},"featured_media":60728,"template":"","meta":{"_acf_changed":false},"product_brand":[],"product_cat":[257,791],"product_tag":[],"class_list":{"0":"post-60911","1":"product","2":"type-product","3":"status-publish","4":"has-post-thumbnail","6":"product_cat-keula-ja-pitkajousi","7":"product_cat-varsijouset","9":"first","10":"instock","11":"taxable","12":"shipping-taxable","13":"purchasable","14":"product-type-simple"},"acf":[],"_links":{"self":[{"href":"https:\/\/kingarms.ee\/fi\/wp-json\/wp\/v2\/product\/60911","targetHints":{"allow":["GET"]}}],"collection":[{"href":"https:\/\/kingarms.ee\/fi\/wp-json\/wp\/v2\/product"}],"about":[{"href":"https:\/\/kingarms.ee\/fi\/wp-json\/wp\/v2\/types\/product"}],"wp:featuredmedia":[{"embeddable":true,"href":"https:\/\/kingarms.ee\/fi\/wp-json\/wp\/v2\/media\/60728"}],"wp:attachment":[{"href":"https:\/\/kingarms.ee\/fi\/wp-json\/wp\/v2\/media?parent=60911"}],"wp:term":[{"taxonomy":"product_brand","embeddable":true,"href":"https:\/\/kingarms.ee\/fi\/wp-json\/wp\/v2\/product_brand?post=60911"},{"taxonomy":"product_cat","embeddable":true,"href":"https:\/\/kingarms.ee\/fi\/wp-json\/wp\/v2\/product_cat?post=60911"},{"taxonomy":"product_tag","embeddable":true,"href":"https:\/\/kingarms.ee\/fi\/wp-json\/wp\/v2\/product_tag?post=60911"}],"curies":[{"name":"wp","href":"https:\/\/api.w.org\/{rel}","templated":true}]}}