{"id":60934,"date":"2022-07-18T13:13:07","date_gmt":"2022-07-18T11:13:05","guid":{"rendered":"https:\/\/kingarms.ee\/product\/varsijousien-lisakannityskoysi-man-kung\/"},"modified":"2024-08-08T14:52:41","modified_gmt":"2024-08-08T11:52:41","slug":"auxiliary-cocking-rope-for-crossbows-man-kung-2","status":"publish","type":"product","link":"https:\/\/kingarms.ee\/fi\/product\/auxiliary-cocking-rope-for-crossbows-man-kung-2\/","title":{"rendered":"VARSIJOUSIEN LIS\u00c4K\u00c4NNITYSK\u00d6YSI  [MAN KUNG]"},"content":{"rendered":"","protected":false},"excerpt":{"rendered":"<p>Varsijousien lis\u00e4k\u00e4nnitysk\u00f6ysi [man kung]<\/p>\n<p>Apukahvakuulak\u00f6ysi<br \/>\nPituus 110cm<br \/>\nSopii seuraaviin varsijousimalleihin:<\/p>\n<p>Mk-300b<br \/>\nMk-300ac<br \/>\nMk-380<br \/>\nMk-400<br \/>\nMk-xb21b<br \/>\nMk-xb21gc<br \/>\nMk-xb27b<br \/>\nMk-xb27gc<br \/>\nMk-xb52bk<br \/>\nMk-xb52gc<br \/>\nMk-xb53bk<br \/>\nMk-xb53gc<br \/>\nMk-xb55bk<br \/>\nMk-xb55gc<br \/>\nMk-xb86dc<\/p>\n","protected":false},"featured_media":60826,"template":"","meta":{"_acf_changed":false},"product_brand":[],"product_cat":[257,802],"product_tag":[],"class_list":{"0":"post-60934","1":"product","2":"type-product","3":"status-publish","4":"has-post-thumbnail","6":"product_cat-keula-ja-pitkajousi","7":"product_cat-tarvikkeet-fi","9":"first","10":"instock","11":"taxable","12":"shipping-taxable","13":"purchasable","14":"product-type-simple"},"acf":[],"_links":{"self":[{"href":"https:\/\/kingarms.ee\/fi\/wp-json\/wp\/v2\/product\/60934","targetHints":{"allow":["GET"]}}],"collection":[{"href":"https:\/\/kingarms.ee\/fi\/wp-json\/wp\/v2\/product"}],"about":[{"href":"https:\/\/kingarms.ee\/fi\/wp-json\/wp\/v2\/types\/product"}],"wp:featuredmedia":[{"embeddable":true,"href":"https:\/\/kingarms.ee\/fi\/wp-json\/wp\/v2\/media\/60826"}],"wp:attachment":[{"href":"https:\/\/kingarms.ee\/fi\/wp-json\/wp\/v2\/media?parent=60934"}],"wp:term":[{"taxonomy":"product_brand","embeddable":true,"href":"https:\/\/kingarms.ee\/fi\/wp-json\/wp\/v2\/product_brand?post=60934"},{"taxonomy":"product_cat","embeddable":true,"href":"https:\/\/kingarms.ee\/fi\/wp-json\/wp\/v2\/product_cat?post=60934"},{"taxonomy":"product_tag","embeddable":true,"href":"https:\/\/kingarms.ee\/fi\/wp-json\/wp\/v2\/product_tag?post=60934"}],"curies":[{"name":"wp","href":"https:\/\/api.w.org\/{rel}","templated":true}]}}