{"id":60941,"date":"2022-07-18T13:31:59","date_gmt":"2022-07-18T11:13:05","guid":{"rendered":"https:\/\/kingarms.ee\/product\/taktinen-vyo-multicam-wosport\/"},"modified":"2024-08-08T14:49:08","modified_gmt":"2024-08-08T11:49:08","slug":"taktinen-vyo-multicam-wosport","status":"publish","type":"product","link":"https:\/\/kingarms.ee\/fi\/product\/taktinen-vyo-multicam-wosport\/","title":{"rendered":"TAKTINEN VY\u00d6 MULTICAM  [WOSPORT]"},"content":{"rendered":"","protected":false},"excerpt":{"rendered":"<p>Taktinen vy\u00f6<br \/>\nMateriaali: 1000d nylon<br \/>\nMolle-j\u00e4rjestelm\u00e4 lis\u00e4varusteita varten koko vy\u00f6ll\u00e4<br \/>\nVoidaan kiinnitt\u00e4\u00e4 taktiseen liiviin.<br \/>\nSis\u00e4verkko hengitt\u00e4v\u00e4 materiaali<br \/>\nVy\u00f6n korkeus: 8cm<br \/>\nYksi koko, s\u00e4\u00e4dett\u00e4viss\u00e4 vahvalla tarranauhalla<br \/>\nPituus: 860mm &#8211; 1140mm<br \/>\nPaino: 315g<br \/>\nMulticam v\u00e4ri<\/p>\n","protected":false},"featured_media":60847,"template":"","meta":{"_acf_changed":false},"product_brand":[],"product_cat":[333],"product_tag":[],"class_list":{"0":"post-60941","1":"product","2":"type-product","3":"status-publish","4":"has-post-thumbnail","6":"product_cat-ipsc-hihnat","8":"first","9":"instock","10":"taxable","11":"shipping-taxable","12":"purchasable","13":"product-type-simple"},"acf":[],"_links":{"self":[{"href":"https:\/\/kingarms.ee\/fi\/wp-json\/wp\/v2\/product\/60941","targetHints":{"allow":["GET"]}}],"collection":[{"href":"https:\/\/kingarms.ee\/fi\/wp-json\/wp\/v2\/product"}],"about":[{"href":"https:\/\/kingarms.ee\/fi\/wp-json\/wp\/v2\/types\/product"}],"wp:featuredmedia":[{"embeddable":true,"href":"https:\/\/kingarms.ee\/fi\/wp-json\/wp\/v2\/media\/60847"}],"wp:attachment":[{"href":"https:\/\/kingarms.ee\/fi\/wp-json\/wp\/v2\/media?parent=60941"}],"wp:term":[{"taxonomy":"product_brand","embeddable":true,"href":"https:\/\/kingarms.ee\/fi\/wp-json\/wp\/v2\/product_brand?post=60941"},{"taxonomy":"product_cat","embeddable":true,"href":"https:\/\/kingarms.ee\/fi\/wp-json\/wp\/v2\/product_cat?post=60941"},{"taxonomy":"product_tag","embeddable":true,"href":"https:\/\/kingarms.ee\/fi\/wp-json\/wp\/v2\/product_tag?post=60941"}],"curies":[{"name":"wp","href":"https:\/\/api.w.org\/{rel}","templated":true}]}}