{"id":60947,"date":"2022-07-18T13:20:01","date_gmt":"2022-07-18T11:13:06","guid":{"rendered":"https:\/\/kingarms.ee\/product\/molle-kuorman-kantava-hyodyllisyysvyo-l-emerson-gear\/"},"modified":"2024-08-08T14:51:15","modified_gmt":"2024-08-08T11:51:15","slug":"molle-kuormalaakeri-kayttovyo-emerson-gear","status":"publish","type":"product","link":"https:\/\/kingarms.ee\/fi\/product\/molle-kuormalaakeri-kayttovyo-emerson-gear\/","title":{"rendered":"MOLLE KUORMAN KANTAVA HY\u00d6DYLLISYYSVY\u00d6 L  [EMERSON GEAR]"},"content":{"rendered":"","protected":false},"excerpt":{"rendered":"<p>Hy\u00f6dyllisyyshihna<br \/>\nMolle-j\u00e4rjestelm\u00e4 lis\u00e4varusteita varten<br \/>\nClip clorsure<br \/>\nS\u00e4\u00e4dett\u00e4v\u00e4 pituus noin 106-152cm<br \/>\nKorkeus 10cm<br \/>\nPaino 480g<br \/>\nL koko<br \/>\nVihre\u00e4 v\u00e4ri<\/p>\n","protected":false},"featured_media":60836,"template":"","meta":{"_acf_changed":false},"product_brand":[],"product_cat":[333],"product_tag":[],"class_list":{"0":"post-60947","1":"product","2":"type-product","3":"status-publish","4":"has-post-thumbnail","6":"product_cat-ipsc-hihnat","8":"first","9":"instock","10":"taxable","11":"shipping-taxable","12":"purchasable","13":"product-type-simple"},"acf":[],"_links":{"self":[{"href":"https:\/\/kingarms.ee\/fi\/wp-json\/wp\/v2\/product\/60947","targetHints":{"allow":["GET"]}}],"collection":[{"href":"https:\/\/kingarms.ee\/fi\/wp-json\/wp\/v2\/product"}],"about":[{"href":"https:\/\/kingarms.ee\/fi\/wp-json\/wp\/v2\/types\/product"}],"wp:featuredmedia":[{"embeddable":true,"href":"https:\/\/kingarms.ee\/fi\/wp-json\/wp\/v2\/media\/60836"}],"wp:attachment":[{"href":"https:\/\/kingarms.ee\/fi\/wp-json\/wp\/v2\/media?parent=60947"}],"wp:term":[{"taxonomy":"product_brand","embeddable":true,"href":"https:\/\/kingarms.ee\/fi\/wp-json\/wp\/v2\/product_brand?post=60947"},{"taxonomy":"product_cat","embeddable":true,"href":"https:\/\/kingarms.ee\/fi\/wp-json\/wp\/v2\/product_cat?post=60947"},{"taxonomy":"product_tag","embeddable":true,"href":"https:\/\/kingarms.ee\/fi\/wp-json\/wp\/v2\/product_tag?post=60947"}],"curies":[{"name":"wp","href":"https:\/\/api.w.org\/{rel}","templated":true}]}}