{"id":60956,"date":"2022-07-18T12:57:41","date_gmt":"2022-07-18T11:13:06","guid":{"rendered":"https:\/\/kingarms.ee\/product\/koristesarja-katana-wakizashi-tanto-punainen\/"},"modified":"2024-08-08T14:57:00","modified_gmt":"2024-08-08T11:57:00","slug":"koriste-sarja-katana-wakizashi-tanto-punainen","status":"publish","type":"product","link":"https:\/\/kingarms.ee\/fi\/product\/koriste-sarja-katana-wakizashi-tanto-punainen\/","title":{"rendered":"KORISTESARJA KATANA-WAKIZASHI-TANTO PUNAINEN"},"content":{"rendered":"","protected":false},"excerpt":{"rendered":"<p>Koristesarja 3 kpl<br \/>\nKatana koko pituus 100cm ter\u00e4n pituus 65cm<br \/>\nWakizashi koko pituus 78cm ter\u00e4n pituus 45cm<br \/>\nTanto kokopituus 55cm ter\u00e4n pituus 25cm<br \/>\nPuinen kansi lohik\u00e4\u00e4rmeell\u00e4 kaiverrettu punainen<br \/>\nMetalli tsuba<br \/>\nPuinen jalusta mukana<br \/>\nPunainen v\u00e4ri<\/p>\n","protected":false},"featured_media":60792,"template":"","meta":{"_acf_changed":false},"product_brand":[],"product_cat":[378],"product_tag":[],"class_list":{"0":"post-60956","1":"product","2":"type-product","3":"status-publish","4":"has-post-thumbnail","6":"product_cat-katana-tanto-fi","8":"first","9":"onbackorder","10":"taxable","11":"shipping-taxable","12":"product-type-simple"},"acf":[],"_links":{"self":[{"href":"https:\/\/kingarms.ee\/fi\/wp-json\/wp\/v2\/product\/60956","targetHints":{"allow":["GET"]}}],"collection":[{"href":"https:\/\/kingarms.ee\/fi\/wp-json\/wp\/v2\/product"}],"about":[{"href":"https:\/\/kingarms.ee\/fi\/wp-json\/wp\/v2\/types\/product"}],"wp:featuredmedia":[{"embeddable":true,"href":"https:\/\/kingarms.ee\/fi\/wp-json\/wp\/v2\/media\/60792"}],"wp:attachment":[{"href":"https:\/\/kingarms.ee\/fi\/wp-json\/wp\/v2\/media?parent=60956"}],"wp:term":[{"taxonomy":"product_brand","embeddable":true,"href":"https:\/\/kingarms.ee\/fi\/wp-json\/wp\/v2\/product_brand?post=60956"},{"taxonomy":"product_cat","embeddable":true,"href":"https:\/\/kingarms.ee\/fi\/wp-json\/wp\/v2\/product_cat?post=60956"},{"taxonomy":"product_tag","embeddable":true,"href":"https:\/\/kingarms.ee\/fi\/wp-json\/wp\/v2\/product_tag?post=60956"}],"curies":[{"name":"wp","href":"https:\/\/api.w.org\/{rel}","templated":true}]}}