{"id":61032,"date":"2022-07-18T15:50:41","date_gmt":"2022-07-18T13:15:34","guid":{"rendered":"https:\/\/kingarms.ee\/product\/etaisyysmittari-crossfire-hd1400-vortex\/"},"modified":"2024-08-08T14:46:16","modified_gmt":"2024-08-08T11:46:16","slug":"etaisyysmittari-crossfire-hd1400-vortex","status":"publish","type":"product","link":"https:\/\/kingarms.ee\/fi\/product\/etaisyysmittari-crossfire-hd1400-vortex\/","title":{"rendered":"Et\u00e4isyysmittari Crossfire HD1400  [Vortex]"},"content":{"rendered":"","protected":false},"excerpt":{"rendered":"<p>Jos etsit t\u00e4ydellist\u00e4 laseret\u00e4isyysmittaria sek\u00e4 jousi- ett\u00e4 kiv\u00e4\u00e4rimets\u00e4st\u00e4jille, olet l\u00f6yt\u00e4nyt sen Crossfire\u2122 HD 1400:sta. Crossfire\u2122 HD 1400:ssa on kaikki mit\u00e4 tarvitset ja kaikki mit\u00e4 et tarvitse. 1 400 metrin maksimiet\u00e4isyydell\u00e4 (750 metri\u00e4 hirvill\u00e4) saat runsaasti tehoa et\u00e4isyydelle, ja HD-optisen j\u00e4rjestelm\u00e4n ansiosta sinulla on tehoa mink\u00e4 tahansa maiseman tutkimiseen. Crossfire\u2122 HD 1400:ssa on kolme tavoitetilaa (normaali, ensimm\u00e4inen, viimeinen) ja kaksi et\u00e4isyysmittaustilaa (HCD ja LOS), jotka sopivat kaikkiin mets\u00e4stysymp\u00e4rist\u00f6ihin. Punainen TOLED-n\u00e4ytt\u00f6 pit\u00e4\u00e4 lukeman selke\u00e4n\u00e4 kaikissa valaistusolosuhteissa, ja vain 4,8 unssin painollaan Crossfire\u2122 HD 1400 mets\u00e4st\u00e4\u00e4 kovaa ja kantaa kevyesti.<\/p>\n<p><strong>Pakkauksessa mukana<\/strong><br \/>\nPehme\u00e4 kantolaukku<br \/>\nRannekoru<br \/>\nBungee Cord Lanyard<br \/>\nLinssi liina<br \/>\nValjaiden kiinnitys koukulla ja silmukalla<br \/>\nCR2-paristo<\/p>\n","protected":false},"featured_media":60992,"template":"","meta":{"_acf_changed":false},"product_brand":[],"product_cat":[492],"product_tag":[],"class_list":{"0":"post-61032","1":"product","2":"type-product","3":"status-publish","4":"has-post-thumbnail","6":"product_cat-etaisyysmittari","8":"first","9":"onbackorder","10":"taxable","11":"shipping-taxable","12":"product-type-simple"},"acf":[],"_links":{"self":[{"href":"https:\/\/kingarms.ee\/fi\/wp-json\/wp\/v2\/product\/61032","targetHints":{"allow":["GET"]}}],"collection":[{"href":"https:\/\/kingarms.ee\/fi\/wp-json\/wp\/v2\/product"}],"about":[{"href":"https:\/\/kingarms.ee\/fi\/wp-json\/wp\/v2\/types\/product"}],"wp:featuredmedia":[{"embeddable":true,"href":"https:\/\/kingarms.ee\/fi\/wp-json\/wp\/v2\/media\/60992"}],"wp:attachment":[{"href":"https:\/\/kingarms.ee\/fi\/wp-json\/wp\/v2\/media?parent=61032"}],"wp:term":[{"taxonomy":"product_brand","embeddable":true,"href":"https:\/\/kingarms.ee\/fi\/wp-json\/wp\/v2\/product_brand?post=61032"},{"taxonomy":"product_cat","embeddable":true,"href":"https:\/\/kingarms.ee\/fi\/wp-json\/wp\/v2\/product_cat?post=61032"},{"taxonomy":"product_tag","embeddable":true,"href":"https:\/\/kingarms.ee\/fi\/wp-json\/wp\/v2\/product_tag?post=61032"}],"curies":[{"name":"wp","href":"https:\/\/api.w.org\/{rel}","templated":true}]}}