{"id":61035,"date":"2022-07-18T15:52:46","date_gmt":"2022-07-18T13:17:35","guid":{"rendered":"https:\/\/kingarms.ee\/product\/etaisyysmittari-diamondback-hd2000-vortex\/"},"modified":"2024-08-08T14:45:30","modified_gmt":"2024-08-08T11:45:30","slug":"etaisyysmittari-diamondback-hd2000-vortex","status":"publish","type":"product","link":"https:\/\/kingarms.ee\/fi\/product\/etaisyysmittari-diamondback-hd2000-vortex\/","title":{"rendered":"Et\u00e4isyysmittari Diamondback HD2000  [Vortex]"},"content":{"rendered":"","protected":false},"excerpt":{"rendered":"<p>Kun mets\u00e4stys tarkoittaa suurriistan etsimist\u00e4 1 000 metrin et\u00e4isyydelt\u00e4 ja kauempaakin, laseret\u00e4isyysmittarisi tarvitsee hevosvoimia pitk\u00e4lle ja kest\u00e4vyytt\u00e4, jotta se kest\u00e4\u00e4 kent\u00e4ll\u00e4. Diamondback\u2122 HD 2000 -laseret\u00e4isyysmittari antaa mets\u00e4st\u00e4jille 2000 metrin maksimiet\u00e4isyyden ja 1400 metrin et\u00e4isyyden riistalle. 7-kertainen suurennos auttaa sinua n\u00e4kem\u00e4\u00e4n kauemmas, ja HD-optisen j\u00e4rjestelm\u00e4n ansiosta voit erotella maisemaa ja pysy\u00e4 tarkkaan paikannettuna saaliisi. Punainen OLED-n\u00e4ytt\u00f6 pysyy kirkkaana h\u00e4m\u00e4r\u00e4ss\u00e4, ja jotta se sopii kaikkiin mets\u00e4stysymp\u00e4rist\u00f6ihin, Diamondback\u2122 HD 2000:ssa on kaksi kohdetilaa (normaali ja viimeinen), kaksi et\u00e4isyysmittaustilaa (HCD ja LOS) ja se on jalustalle asennettavissa.<\/p>\n<p><strong>Pakkauksessa mukana<\/strong><br \/>\nPehme\u00e4 kantolaukku<br \/>\nRannekoru<br \/>\nBungee Cord Lanyard<br \/>\nLinssi liina<br \/>\nUtility Clip<br \/>\n2mm kuusiokoloavain<br \/>\nValjaiden kiinnitys koukulla ja silmukalla<br \/>\nCR2-paristo<\/p>\n","protected":false},"featured_media":61001,"template":"","meta":{"_acf_changed":false},"product_brand":[],"product_cat":[492],"product_tag":[],"class_list":{"0":"post-61035","1":"product","2":"type-product","3":"status-publish","4":"has-post-thumbnail","6":"product_cat-etaisyysmittari","8":"first","9":"instock","10":"taxable","11":"shipping-taxable","12":"purchasable","13":"product-type-simple"},"acf":[],"_links":{"self":[{"href":"https:\/\/kingarms.ee\/fi\/wp-json\/wp\/v2\/product\/61035","targetHints":{"allow":["GET"]}}],"collection":[{"href":"https:\/\/kingarms.ee\/fi\/wp-json\/wp\/v2\/product"}],"about":[{"href":"https:\/\/kingarms.ee\/fi\/wp-json\/wp\/v2\/types\/product"}],"wp:featuredmedia":[{"embeddable":true,"href":"https:\/\/kingarms.ee\/fi\/wp-json\/wp\/v2\/media\/61001"}],"wp:attachment":[{"href":"https:\/\/kingarms.ee\/fi\/wp-json\/wp\/v2\/media?parent=61035"}],"wp:term":[{"taxonomy":"product_brand","embeddable":true,"href":"https:\/\/kingarms.ee\/fi\/wp-json\/wp\/v2\/product_brand?post=61035"},{"taxonomy":"product_cat","embeddable":true,"href":"https:\/\/kingarms.ee\/fi\/wp-json\/wp\/v2\/product_cat?post=61035"},{"taxonomy":"product_tag","embeddable":true,"href":"https:\/\/kingarms.ee\/fi\/wp-json\/wp\/v2\/product_tag?post=61035"}],"curies":[{"name":"wp","href":"https:\/\/api.w.org\/{rel}","templated":true}]}}