{"id":61042,"date":"2022-07-18T15:56:23","date_gmt":"2022-07-18T13:22:37","guid":{"rendered":"https:\/\/kingarms.ee\/product\/etaisyysmittari-razor-hd4000-vortex\/"},"modified":"2024-08-08T14:44:02","modified_gmt":"2024-08-08T11:44:02","slug":"etaisyysmittari-razor-hd4000-vortex","status":"publish","type":"product","link":"https:\/\/kingarms.ee\/fi\/product\/etaisyysmittari-razor-hd4000-vortex\/","title":{"rendered":"Et\u00e4isyysmittari Razor HD4000  [Vortex]"},"content":{"rendered":"","protected":false},"excerpt":{"rendered":"<p>Razor HD 4000 on v\u00e4ltt\u00e4m\u00e4t\u00f6n kumppani \u00e4\u00e4rimm\u00e4iselle mets\u00e4st\u00e4j\u00e4lle, jousiampujalle ja ampujalle. Eritt\u00e4in tehokkaassa kulmakompensoidussa laseret\u00e4isyysmittarissa on nelj\u00e4 kohdentamistilaa (Normaali tila, Ensimm\u00e4inen tila, Viimeinen tila ja Laajennettu laseret\u00e4isyystila), jotka soveltuvat kaikkiin et\u00e4isyysmittausymp\u00e4rist\u00f6ihin. Ensisijainen HCD (Horizontal Component Distance) -et\u00e4isyystila tarjoaa keskeiset kulmakompensoidut et\u00e4isyystiedot, joita suurin osa ampujista tarvitsee yksinkertaisessa, nopeasti luettavassa n\u00e4yt\u00f6ss\u00e4. Razor HD 4000:ssa on my\u00f6s LOS (Line of Sight) -et\u00e4isyystila ja skannausominaisuus.<\/p>\n<p><strong>Pakkauksessa mukana<\/strong><br \/>\nKantolaukku<br \/>\nLinssi liina<br \/>\nKuusiokoloavain<br \/>\nCR2-paristo<\/p>\n","protected":false},"featured_media":61019,"template":"","meta":{"_acf_changed":false},"product_brand":[],"product_cat":[492],"product_tag":[],"class_list":{"0":"post-61042","1":"product","2":"type-product","3":"status-publish","4":"has-post-thumbnail","6":"product_cat-etaisyysmittari","8":"first","9":"onbackorder","10":"taxable","11":"shipping-taxable","12":"product-type-simple"},"acf":[],"_links":{"self":[{"href":"https:\/\/kingarms.ee\/fi\/wp-json\/wp\/v2\/product\/61042","targetHints":{"allow":["GET"]}}],"collection":[{"href":"https:\/\/kingarms.ee\/fi\/wp-json\/wp\/v2\/product"}],"about":[{"href":"https:\/\/kingarms.ee\/fi\/wp-json\/wp\/v2\/types\/product"}],"wp:featuredmedia":[{"embeddable":true,"href":"https:\/\/kingarms.ee\/fi\/wp-json\/wp\/v2\/media\/61019"}],"wp:attachment":[{"href":"https:\/\/kingarms.ee\/fi\/wp-json\/wp\/v2\/media?parent=61042"}],"wp:term":[{"taxonomy":"product_brand","embeddable":true,"href":"https:\/\/kingarms.ee\/fi\/wp-json\/wp\/v2\/product_brand?post=61042"},{"taxonomy":"product_cat","embeddable":true,"href":"https:\/\/kingarms.ee\/fi\/wp-json\/wp\/v2\/product_cat?post=61042"},{"taxonomy":"product_tag","embeddable":true,"href":"https:\/\/kingarms.ee\/fi\/wp-json\/wp\/v2\/product_tag?post=61042"}],"curies":[{"name":"wp","href":"https:\/\/api.w.org\/{rel}","templated":true}]}}