{"id":61133,"date":"2022-07-27T13:36:13","date_gmt":"2022-07-27T10:38:14","guid":{"rendered":"https:\/\/kingarms.ee\/product\/ydinlaukku-extreme-mil-tec\/"},"modified":"2024-08-08T14:43:19","modified_gmt":"2024-08-08T11:43:19","slug":"magamiskott-extreme-mil-tec-2","status":"publish","type":"product","link":"https:\/\/kingarms.ee\/fi\/product\/magamiskott-extreme-mil-tec-2\/","title":{"rendered":"Ydinlaukku &#8211; Extreme (Mil-Tec)"},"content":{"rendered":"<p><img loading=\"lazy\" decoding=\"async\" class=\"alignnone size-medium wp-image-61130\" src=\"https:\/\/kingarms.ee\/wp-content\/uploads\/2022\/07\/4780_1-300x168.png\" alt=\"\" width=\"300\" height=\"168\" srcset=\"https:\/\/kingarms.ee\/wp-content\/uploads\/2022\/07\/4780_1-300x168.png 300w, https:\/\/kingarms.ee\/wp-content\/uploads\/2022\/07\/4780_1-500x281.png 500w, https:\/\/kingarms.ee\/wp-content\/uploads\/2022\/07\/4780_1-150x84.png 150w, https:\/\/kingarms.ee\/wp-content\/uploads\/2022\/07\/4780_1.png 638w\" sizes=\"auto, (max-width: 300px) 100vw, 300px\" \/><\/p>\n","protected":false},"excerpt":{"rendered":"<p>Ydinlaukku &#8211; Extreme (Mil-Tec)<\/p>\n<p>Tekniset tiedot:<br \/>\n&#8211; korkealaatuinen makuupussi saksalaiselta valmistajalta Mil-Tec\u00ae:lt\u00e4.<br \/>\n&#8211; integroitu huppu ja kiristysnauha l\u00e4mp\u00f6kaulus<br \/>\n&#8211; 2-suuntainen vetoketju tarralukolla (koukku ja silmukka)<br \/>\n&#8211; kuljetuslaukku<br \/>\n&#8211; makuupussia voidaan k\u00e4ytt\u00e4\u00e4 my\u00f6s peittona.<\/p>\n<p>Mitat: 190 x 75 cm<br \/>\nPakkauksen koko: 37 x 19 cm<br \/>\nPaino: n. 1000 g<br \/>\n\u00c4\u00e4rimm\u00e4inen vaihteluv\u00e4li: jopa n. -5 astetta<\/p>\n<p>Materiaalit:<br \/>\n&#8211; P\u00e4\u00e4llinen: 100% polyesteri\u00e4<br \/>\n&#8211; vuori: 100% polyesteri\u00e4<br \/>\n&#8211; t\u00e4yte: 100% polyesteri\u00e4<br \/>\n&#8211; kuljetuspussi: 100 % polyesteri\u00e4.<\/p>\n","protected":false},"featured_media":90181,"template":"","meta":{"_acf_changed":false},"product_brand":[],"product_cat":[498],"product_tag":[],"class_list":{"0":"post-61133","1":"product","2":"type-product","3":"status-publish","4":"has-post-thumbnail","6":"product_cat-makuupussit","8":"first","9":"instock","10":"taxable","11":"shipping-taxable","12":"purchasable","13":"product-type-simple"},"acf":[],"_links":{"self":[{"href":"https:\/\/kingarms.ee\/fi\/wp-json\/wp\/v2\/product\/61133","targetHints":{"allow":["GET"]}}],"collection":[{"href":"https:\/\/kingarms.ee\/fi\/wp-json\/wp\/v2\/product"}],"about":[{"href":"https:\/\/kingarms.ee\/fi\/wp-json\/wp\/v2\/types\/product"}],"wp:featuredmedia":[{"embeddable":true,"href":"https:\/\/kingarms.ee\/fi\/wp-json\/wp\/v2\/media\/90181"}],"wp:attachment":[{"href":"https:\/\/kingarms.ee\/fi\/wp-json\/wp\/v2\/media?parent=61133"}],"wp:term":[{"taxonomy":"product_brand","embeddable":true,"href":"https:\/\/kingarms.ee\/fi\/wp-json\/wp\/v2\/product_brand?post=61133"},{"taxonomy":"product_cat","embeddable":true,"href":"https:\/\/kingarms.ee\/fi\/wp-json\/wp\/v2\/product_cat?post=61133"},{"taxonomy":"product_tag","embeddable":true,"href":"https:\/\/kingarms.ee\/fi\/wp-json\/wp\/v2\/product_tag?post=61133"}],"curies":[{"name":"wp","href":"https:\/\/api.w.org\/{rel}","templated":true}]}}