{"id":61170,"date":"2022-08-01T12:17:54","date_gmt":"2022-08-01T09:20:48","guid":{"rendered":"https:\/\/kingarms.ee\/product\/kyparakiskosovitin-z-tactical\/"},"modified":"2024-08-08T14:42:38","modified_gmt":"2024-08-08T11:42:38","slug":"kypara-sini-adapteri-set-z-taktinen","status":"publish","type":"product","link":"https:\/\/kingarms.ee\/fi\/product\/kypara-sini-adapteri-set-z-taktinen\/","title":{"rendered":"Kyp\u00e4r\u00e4kiskosovitin (Z-Tactical)"},"content":{"rendered":"<p><img loading=\"lazy\" decoding=\"async\" class=\"alignnone size-medium wp-image-61167\" src=\"https:\/\/kingarms.ee\/wp-content\/uploads\/2022\/08\/z-tactical-helmet-rail-adapter-set-for-com-1-2-headset-tan--300x300.jpeg\" alt=\"\" width=\"300\" height=\"300\" srcset=\"https:\/\/kingarms.ee\/wp-content\/uploads\/2022\/08\/z-tactical-helmet-rail-adapter-set-for-com-1-2-headset-tan--300x300.jpeg 300w, https:\/\/kingarms.ee\/wp-content\/uploads\/2022\/08\/z-tactical-helmet-rail-adapter-set-for-com-1-2-headset-tan--150x150.jpeg 150w, https:\/\/kingarms.ee\/wp-content\/uploads\/2022\/08\/z-tactical-helmet-rail-adapter-set-for-com-1-2-headset-tan--768x768.jpeg 768w, https:\/\/kingarms.ee\/wp-content\/uploads\/2022\/08\/z-tactical-helmet-rail-adapter-set-for-com-1-2-headset-tan--500x500.jpeg 500w, https:\/\/kingarms.ee\/wp-content\/uploads\/2022\/08\/z-tactical-helmet-rail-adapter-set-for-com-1-2-headset-tan-.jpeg 800w\" sizes=\"auto, (max-width: 300px) 100vw, 300px\" \/><\/p>\n","protected":false},"excerpt":{"rendered":"<p>Kiinnikkeiden avulla k\u00e4ytt\u00e4j\u00e4 voi liitt\u00e4\u00e4 kyp\u00e4r\u00e4\u00e4n aktiiviset tai passiiviset kuulokkeet.<\/p>\n<p>Valmistaja: Z-Tactical<\/p>\n","protected":false},"featured_media":61167,"template":"","meta":{"_acf_changed":false},"product_brand":[],"product_cat":[808],"product_tag":[],"class_list":{"0":"post-61170","1":"product","2":"type-product","3":"status-publish","4":"has-post-thumbnail","6":"product_cat-kuulokkeiden-kiinnikkeet","8":"first","9":"onbackorder","10":"taxable","11":"shipping-taxable","12":"product-type-simple"},"acf":[],"_links":{"self":[{"href":"https:\/\/kingarms.ee\/fi\/wp-json\/wp\/v2\/product\/61170","targetHints":{"allow":["GET"]}}],"collection":[{"href":"https:\/\/kingarms.ee\/fi\/wp-json\/wp\/v2\/product"}],"about":[{"href":"https:\/\/kingarms.ee\/fi\/wp-json\/wp\/v2\/types\/product"}],"wp:featuredmedia":[{"embeddable":true,"href":"https:\/\/kingarms.ee\/fi\/wp-json\/wp\/v2\/media\/61167"}],"wp:attachment":[{"href":"https:\/\/kingarms.ee\/fi\/wp-json\/wp\/v2\/media?parent=61170"}],"wp:term":[{"taxonomy":"product_brand","embeddable":true,"href":"https:\/\/kingarms.ee\/fi\/wp-json\/wp\/v2\/product_brand?post=61170"},{"taxonomy":"product_cat","embeddable":true,"href":"https:\/\/kingarms.ee\/fi\/wp-json\/wp\/v2\/product_cat?post=61170"},{"taxonomy":"product_tag","embeddable":true,"href":"https:\/\/kingarms.ee\/fi\/wp-json\/wp\/v2\/product_tag?post=61170"}],"curies":[{"name":"wp","href":"https:\/\/api.w.org\/{rel}","templated":true}]}}