{"id":61175,"date":"2022-08-01T12:23:15","date_gmt":"2022-08-01T09:26:54","guid":{"rendered":"https:\/\/kingarms.ee\/product\/kyparakiskosovitin-z-tactical\/"},"modified":"2024-08-08T14:41:55","modified_gmt":"2024-08-08T11:41:55","slug":"kypara-sini-adapteri-sarja-z-taktinen-2","status":"publish","type":"product","link":"https:\/\/kingarms.ee\/fi\/product\/kypara-sini-adapteri-sarja-z-taktinen-2\/","title":{"rendered":"Kyp\u00e4r\u00e4kiskosovitin (Z-Tactical)"},"content":{"rendered":"<p><img loading=\"lazy\" decoding=\"async\" class=\"alignnone size-medium wp-image-61163\" src=\"https:\/\/kingarms.ee\/wp-content\/uploads\/2022\/08\/z-tactical-helmet-rail-adapter-set-for-com-1-2-headset-od--300x300.jpeg\" alt=\"\" width=\"300\" height=\"300\" srcset=\"https:\/\/kingarms.ee\/wp-content\/uploads\/2022\/08\/z-tactical-helmet-rail-adapter-set-for-com-1-2-headset-od--300x300.jpeg 300w, https:\/\/kingarms.ee\/wp-content\/uploads\/2022\/08\/z-tactical-helmet-rail-adapter-set-for-com-1-2-headset-od--150x150.jpeg 150w, https:\/\/kingarms.ee\/wp-content\/uploads\/2022\/08\/z-tactical-helmet-rail-adapter-set-for-com-1-2-headset-od-.jpeg 458w\" sizes=\"auto, (max-width: 300px) 100vw, 300px\" \/><\/p>\n","protected":false},"excerpt":{"rendered":"<p>Kyp\u00e4r\u00e4kiskosovitin (Z-Tactical)<\/p>\n<p>Kiinnikkeiden avulla k\u00e4ytt\u00e4j\u00e4 voi liitt\u00e4\u00e4 kyp\u00e4r\u00e4\u00e4n aktiiviset tai passiiviset kuulokkeet.<\/p>\n<p>Valmistaja: Z-Tactical<\/p>\n","protected":false},"featured_media":61163,"template":"","meta":{"_acf_changed":false},"product_brand":[],"product_cat":[808],"product_tag":[],"class_list":{"0":"post-61175","1":"product","2":"type-product","3":"status-publish","4":"has-post-thumbnail","6":"product_cat-kuulokkeiden-kiinnikkeet","8":"first","9":"instock","10":"taxable","11":"shipping-taxable","12":"purchasable","13":"product-type-simple"},"acf":[],"_links":{"self":[{"href":"https:\/\/kingarms.ee\/fi\/wp-json\/wp\/v2\/product\/61175","targetHints":{"allow":["GET"]}}],"collection":[{"href":"https:\/\/kingarms.ee\/fi\/wp-json\/wp\/v2\/product"}],"about":[{"href":"https:\/\/kingarms.ee\/fi\/wp-json\/wp\/v2\/types\/product"}],"wp:featuredmedia":[{"embeddable":true,"href":"https:\/\/kingarms.ee\/fi\/wp-json\/wp\/v2\/media\/61163"}],"wp:attachment":[{"href":"https:\/\/kingarms.ee\/fi\/wp-json\/wp\/v2\/media?parent=61175"}],"wp:term":[{"taxonomy":"product_brand","embeddable":true,"href":"https:\/\/kingarms.ee\/fi\/wp-json\/wp\/v2\/product_brand?post=61175"},{"taxonomy":"product_cat","embeddable":true,"href":"https:\/\/kingarms.ee\/fi\/wp-json\/wp\/v2\/product_cat?post=61175"},{"taxonomy":"product_tag","embeddable":true,"href":"https:\/\/kingarms.ee\/fi\/wp-json\/wp\/v2\/product_tag?post=61175"}],"curies":[{"name":"wp","href":"https:\/\/api.w.org\/{rel}","templated":true}]}}