{"id":61195,"date":"2022-08-01T14:27:58","date_gmt":"2022-08-01T11:30:55","guid":{"rendered":"https:\/\/kingarms.ee\/product\/kuulokkeet-kuulokkeet-mikrofoni-z-tactical\/"},"modified":"2024-08-08T14:40:33","modified_gmt":"2024-08-08T11:40:33","slug":"headset-headset-mic-z-tactical","status":"publish","type":"product","link":"https:\/\/kingarms.ee\/fi\/product\/headset-headset-mic-z-tactical\/","title":{"rendered":"Kuulokkeet (kuulokkeet + mikrofoni) (Z-Tactical)"},"content":{"rendered":"<p><img loading=\"lazy\" decoding=\"async\" class=\"alignnone size-medium wp-image-61190\" src=\"https:\/\/kingarms.ee\/wp-content\/uploads\/2022\/08\/z-tactical-bowman-evo-iii-headset-300x300.jpeg\" alt=\"\" width=\"300\" height=\"300\" srcset=\"https:\/\/kingarms.ee\/wp-content\/uploads\/2022\/08\/z-tactical-bowman-evo-iii-headset-300x300.jpeg 300w, https:\/\/kingarms.ee\/wp-content\/uploads\/2022\/08\/z-tactical-bowman-evo-iii-headset-150x150.jpeg 150w, https:\/\/kingarms.ee\/wp-content\/uploads\/2022\/08\/z-tactical-bowman-evo-iii-headset-768x768.jpeg 768w, https:\/\/kingarms.ee\/wp-content\/uploads\/2022\/08\/z-tactical-bowman-evo-iii-headset-500x500.jpeg 500w, https:\/\/kingarms.ee\/wp-content\/uploads\/2022\/08\/z-tactical-bowman-evo-iii-headset.jpeg 1000w\" sizes=\"auto, (max-width: 300px) 100vw, 300px\" \/><\/p>\n","protected":false},"excerpt":{"rendered":"<p>Mikrofonilla varustetut kuulokkeet Z Tacticalilta. Tuotteen runko on valmistettu muovista, kun taas otsapanta on joustavaa pehme\u00e4\u00e4 materiaalia. Tuotteessa on sotilask\u00e4ytt\u00f6\u00f6n tarkoitettu pistoketyyppinen suutin, joka liitet\u00e4\u00e4n PTT-painikkeeseen.<\/p>\n","protected":false},"featured_media":61190,"template":"","meta":{"_acf_changed":false},"product_brand":[],"product_cat":[665],"product_tag":[],"class_list":{"0":"post-61195","1":"product","2":"type-product","3":"status-publish","4":"has-post-thumbnail","6":"product_cat-tarvikkeet","8":"first","9":"instock","10":"taxable","11":"shipping-taxable","12":"purchasable","13":"product-type-simple"},"acf":[],"_links":{"self":[{"href":"https:\/\/kingarms.ee\/fi\/wp-json\/wp\/v2\/product\/61195","targetHints":{"allow":["GET"]}}],"collection":[{"href":"https:\/\/kingarms.ee\/fi\/wp-json\/wp\/v2\/product"}],"about":[{"href":"https:\/\/kingarms.ee\/fi\/wp-json\/wp\/v2\/types\/product"}],"wp:featuredmedia":[{"embeddable":true,"href":"https:\/\/kingarms.ee\/fi\/wp-json\/wp\/v2\/media\/61190"}],"wp:attachment":[{"href":"https:\/\/kingarms.ee\/fi\/wp-json\/wp\/v2\/media?parent=61195"}],"wp:term":[{"taxonomy":"product_brand","embeddable":true,"href":"https:\/\/kingarms.ee\/fi\/wp-json\/wp\/v2\/product_brand?post=61195"},{"taxonomy":"product_cat","embeddable":true,"href":"https:\/\/kingarms.ee\/fi\/wp-json\/wp\/v2\/product_cat?post=61195"},{"taxonomy":"product_tag","embeddable":true,"href":"https:\/\/kingarms.ee\/fi\/wp-json\/wp\/v2\/product_tag?post=61195"}],"curies":[{"name":"wp","href":"https:\/\/api.w.org\/{rel}","templated":true}]}}