{"id":61254,"date":"2022-08-01T15:00:16","date_gmt":"2022-08-01T12:00:16","guid":{"rendered":"https:\/\/kingarms.ee\/product\/remington-extreme-lampopesu\/"},"modified":"2024-08-08T14:39:08","modified_gmt":"2024-08-08T11:39:08","slug":"thermopesu-remington-extreme","status":"publish","type":"product","link":"https:\/\/kingarms.ee\/fi\/product\/thermopesu-remington-extreme\/","title":{"rendered":"Remington Extreme l\u00e4mp\u00f6pesu"},"content":{"rendered":"<p><img loading=\"lazy\" decoding=\"async\" class=\"alignnone size-medium wp-image-61234\" src=\"https:\/\/kingarms.ee\/wp-content\/uploads\/2022\/08\/40f05ff2-abd0-11ea-80fa-00155dc12307_40f05ff3-abd0-11ea-80fa-00155dc12307-2-300x300.png\" alt=\"\" width=\"300\" height=\"300\" srcset=\"https:\/\/kingarms.ee\/wp-content\/uploads\/2022\/08\/40f05ff2-abd0-11ea-80fa-00155dc12307_40f05ff3-abd0-11ea-80fa-00155dc12307-2-300x300.png 300w, https:\/\/kingarms.ee\/wp-content\/uploads\/2022\/08\/40f05ff2-abd0-11ea-80fa-00155dc12307_40f05ff3-abd0-11ea-80fa-00155dc12307-2-1024x1024.png 1024w, https:\/\/kingarms.ee\/wp-content\/uploads\/2022\/08\/40f05ff2-abd0-11ea-80fa-00155dc12307_40f05ff3-abd0-11ea-80fa-00155dc12307-2-150x150.png 150w, https:\/\/kingarms.ee\/wp-content\/uploads\/2022\/08\/40f05ff2-abd0-11ea-80fa-00155dc12307_40f05ff3-abd0-11ea-80fa-00155dc12307-2-768x768.png 768w, https:\/\/kingarms.ee\/wp-content\/uploads\/2022\/08\/40f05ff2-abd0-11ea-80fa-00155dc12307_40f05ff3-abd0-11ea-80fa-00155dc12307-2-500x500.png 500w, https:\/\/kingarms.ee\/wp-content\/uploads\/2022\/08\/40f05ff2-abd0-11ea-80fa-00155dc12307_40f05ff3-abd0-11ea-80fa-00155dc12307-2.png 1200w\" sizes=\"auto, (max-width: 300px) 100vw, 300px\" \/><\/p>\n","protected":false},"excerpt":{"rendered":"<div><span style=\"font-size: large;\"><b>Remington Extreme l\u00e4mp\u00f6pesu<\/b><\/span><\/div>\n<div>\n<ul>\n<li>Pit\u00e4\u00e4 yll\u00e4 miellytt\u00e4v\u00e4\u00e4 l\u00e4mp\u00f6tilaa<\/li>\n<li>Antibakteerinen vaikutus<\/li>\n<li>Korkea hengitt\u00e4vyys<\/li>\n<li>Kosteuden poisto ja nopea kuivuminen<\/li>\n<\/ul>\n<\/div>\n<div>Materiaalit: 100 % kaksipuolista polyesteri\u00e4<\/div>\n<div>Eristys: 230 g\/m2 Polarflis<\/div>\n<div>L\u00e4mp\u00f6tila-alue: -35 \u00b0C:seen asti<\/div>\n","protected":false},"featured_media":61234,"template":"","meta":{"_acf_changed":false},"product_brand":[],"product_cat":[318],"product_tag":[],"class_list":{"0":"post-61254","1":"product","2":"type-product","3":"status-publish","4":"has-post-thumbnail","6":"product_cat-lampopesu","8":"first","9":"instock","10":"sale","11":"taxable","12":"shipping-taxable","13":"purchasable","14":"product-type-variable"},"acf":[],"_links":{"self":[{"href":"https:\/\/kingarms.ee\/fi\/wp-json\/wp\/v2\/product\/61254","targetHints":{"allow":["GET"]}}],"collection":[{"href":"https:\/\/kingarms.ee\/fi\/wp-json\/wp\/v2\/product"}],"about":[{"href":"https:\/\/kingarms.ee\/fi\/wp-json\/wp\/v2\/types\/product"}],"wp:featuredmedia":[{"embeddable":true,"href":"https:\/\/kingarms.ee\/fi\/wp-json\/wp\/v2\/media\/61234"}],"wp:attachment":[{"href":"https:\/\/kingarms.ee\/fi\/wp-json\/wp\/v2\/media?parent=61254"}],"wp:term":[{"taxonomy":"product_brand","embeddable":true,"href":"https:\/\/kingarms.ee\/fi\/wp-json\/wp\/v2\/product_brand?post=61254"},{"taxonomy":"product_cat","embeddable":true,"href":"https:\/\/kingarms.ee\/fi\/wp-json\/wp\/v2\/product_cat?post=61254"},{"taxonomy":"product_tag","embeddable":true,"href":"https:\/\/kingarms.ee\/fi\/wp-json\/wp\/v2\/product_tag?post=61254"}],"curies":[{"name":"wp","href":"https:\/\/api.w.org\/{rel}","templated":true}]}}