{"id":61309,"date":"2022-08-01T15:28:56","date_gmt":"2022-08-01T12:31:01","guid":{"rendered":"https:\/\/kingarms.ee\/product\/winter-pro-hunting-club-valkoinen-remington\/"},"modified":"2024-08-08T14:38:25","modified_gmt":"2024-08-08T11:38:25","slug":"winter-pro-hunting-club-white-remington-2","status":"publish","type":"product","link":"https:\/\/kingarms.ee\/fi\/product\/winter-pro-hunting-club-white-remington-2\/","title":{"rendered":"Winter Pro Hunting Club Valkoinen (Remington)"},"content":{"rendered":"<p><img loading=\"lazy\" decoding=\"async\" class=\"alignnone size-medium wp-image-61280\" src=\"https:\/\/kingarms.ee\/wp-content\/uploads\/2022\/08\/%D0%9A%D0%BE%D1%81%D1%82%D1%8E%D0%BC_Remington_Pro_Hunting_Club_White_7-200x300.jpeg\" alt=\"\" width=\"200\" height=\"300\" \/><\/p>\n","protected":false},"excerpt":{"rendered":"<p>Valkoinen Remington Pro Hunting Club -talvipuku sotilaille ja mets\u00e4st\u00e4jille on valmistettu hiljaisesta materiaalista ja t\u00e4ytt\u00e4\u00e4 kaikki nykyaikaiset standardit. K\u00e4ytetty Climatic Pro -kalvo takaa maksimaalisen vedenpit\u00e4vyyden ja lis\u00e4\u00e4 tuotteen h\u00f6yrynl\u00e4p\u00e4isevyytt\u00e4. Sis\u00e4ll\u00e4 se pysyy kuivana jopa raskaassa fyysisess\u00e4 rasituksessa, eik\u00e4 kehoon p\u00e4\u00e4se ulkoista kosteutta.<\/p>\n<p>L\u00e4mp\u00f6tila-alue -35 \u00b0C:een asti<br \/>\nH\u00f6yrynl\u00e4p\u00e4isevyys 12000 g\/m2<br \/>\nVedenkest\u00e4vyys 10000 mm<br \/>\nEristys Pro Heat 280 gr.<br \/>\nClimatic Pro -kalvo<br \/>\nMateriaali 100% polyesteri<br \/>\nKausi Talvi<br \/>\nDestination War, Mets\u00e4stys, matkailu<br \/>\nEdut Vedenpit\u00e4v\u00e4, tuulenpit\u00e4v\u00e4, l\u00e4mm\u00f6neristys, kylm\u00e4nkest\u00e4v\u00e4<br \/>\nValmistaja Remington<br \/>\nV\u00e4ri Valkoinen<\/p>\n","protected":false},"featured_media":88345,"template":"","meta":{"_acf_changed":false},"product_brand":[],"product_cat":[879],"product_tag":[],"class_list":{"0":"post-61309","1":"product","2":"type-product","3":"status-publish","4":"has-post-thumbnail","6":"product_cat-sarjat","8":"first","9":"instock","10":"sale","11":"taxable","12":"shipping-taxable","13":"purchasable","14":"product-type-simple"},"acf":[],"_links":{"self":[{"href":"https:\/\/kingarms.ee\/fi\/wp-json\/wp\/v2\/product\/61309","targetHints":{"allow":["GET"]}}],"collection":[{"href":"https:\/\/kingarms.ee\/fi\/wp-json\/wp\/v2\/product"}],"about":[{"href":"https:\/\/kingarms.ee\/fi\/wp-json\/wp\/v2\/types\/product"}],"wp:featuredmedia":[{"embeddable":true,"href":"https:\/\/kingarms.ee\/fi\/wp-json\/wp\/v2\/media\/88345"}],"wp:attachment":[{"href":"https:\/\/kingarms.ee\/fi\/wp-json\/wp\/v2\/media?parent=61309"}],"wp:term":[{"taxonomy":"product_brand","embeddable":true,"href":"https:\/\/kingarms.ee\/fi\/wp-json\/wp\/v2\/product_brand?post=61309"},{"taxonomy":"product_cat","embeddable":true,"href":"https:\/\/kingarms.ee\/fi\/wp-json\/wp\/v2\/product_cat?post=61309"},{"taxonomy":"product_tag","embeddable":true,"href":"https:\/\/kingarms.ee\/fi\/wp-json\/wp\/v2\/product_tag?post=61309"}],"curies":[{"name":"wp","href":"https:\/\/api.w.org\/{rel}","templated":true}]}}