{"id":61510,"date":"2022-09-12T16:16:42","date_gmt":"2022-09-12T13:26:36","guid":{"rendered":"https:\/\/kingarms.ee\/product\/yokuvaus-sytong-ht-60-lrf-850-nm-sytong-ht-60-lrf-850-nm\/"},"modified":"2024-08-08T14:37:42","modified_gmt":"2024-08-08T11:37:42","slug":"oovaatlusseade-sytong-ht-60-lrf-850-nm-2","status":"publish","type":"product","link":"https:\/\/kingarms.ee\/fi\/product\/oovaatlusseade-sytong-ht-60-lrf-850-nm-2\/","title":{"rendered":"Y\u00f6kuvaus &#8211; Sytong HT-60 LRF 850 nm &#8211; Sytong HT-60 LRF 850 nm"},"content":{"rendered":"<p><img loading=\"lazy\" decoding=\"async\" class=\"alignnone size-medium wp-image-61495\" src=\"https:\/\/kingarms.ee\/wp-content\/uploads\/2022\/09\/ht-60lrf_4_1_1-300x211.png\" alt=\"\" width=\"300\" height=\"211\" srcset=\"https:\/\/kingarms.ee\/wp-content\/uploads\/2022\/09\/ht-60lrf_4_1_1-300x211.png 300w, https:\/\/kingarms.ee\/wp-content\/uploads\/2022\/09\/ht-60lrf_4_1_1-1024x719.png 1024w, https:\/\/kingarms.ee\/wp-content\/uploads\/2022\/09\/ht-60lrf_4_1_1-768x539.png 768w, https:\/\/kingarms.ee\/wp-content\/uploads\/2022\/09\/ht-60lrf_4_1_1-1536x1079.png 1536w, https:\/\/kingarms.ee\/wp-content\/uploads\/2022\/09\/ht-60lrf_4_1_1-500x351.png 500w, https:\/\/kingarms.ee\/wp-content\/uploads\/2022\/09\/ht-60lrf_4_1_1-150x105.png 150w, https:\/\/kingarms.ee\/wp-content\/uploads\/2022\/09\/ht-60lrf_4_1_1.png 1709w\" sizes=\"auto, (max-width: 300px) 100vw, 300px\" \/><\/p>\n","protected":false},"excerpt":{"rendered":"<p>Yleisk\u00e4ytt\u00f6inen sovellus. Eritt\u00e4in herk\u00e4ll\u00e4 1920&#215;1080 CMOS-kennolla ja 1024&#215;768 AMOLED-n\u00e4yt\u00f6ll\u00e4 varustettu Sytong HT-60 LRF -p\u00e4iv\u00e4\/y\u00f6-digitaalinen SLR-kamera tarjoaa katsojalle laadukkaan ja mielekk\u00e4\u00e4n kuvan kaikissa valaistustilanteissa: v\u00e4ri-, luonnonv\u00e4ri-, p\u00e4iv\u00e4- ja kirkasvalossa. &#8211; kontrasti mustavalkoinen y\u00f6ll\u00e4. Jotta n\u00e4yt\u00f6n tiedot olisivat mahdollisimman helposti luettavissa ja tunnistettavissa kaikkina vuorokaudenaikoina, n\u00e4yt\u00f6n kirkkaus on s\u00e4\u00e4detty viidelle tasolle (eritt\u00e4in kirkkaasta eritt\u00e4in tummaan).<\/p>\n<p>T\u00e4rkeimm\u00e4t parametrit ja ominaisuudet<br \/>\nSis\u00e4\u00e4nrakennettu laseret\u00e4isyysmittari, 5 metrist\u00e4 1 kilometriin.<br \/>\nLaser IR-valaisin 850nm 700mW, 3 tehotasoa.<br \/>\nTarkkailuet\u00e4isyys t\u00e4ydellisess\u00e4 pimeydess\u00e4 valaistuksen kanssa &#8211; 200 m.<br \/>\nSuurennos &#8211; 6,5 tai 13 kertaa. PiP (Kuva kuvassa) -vaihtoehto.<br \/>\n2 toimintatilaa: p\u00e4iv\u00e4 (v\u00e4ri), y\u00f6 (mustavalko).<br \/>\nEritt\u00e4in herkk\u00e4 CMOS-matriisi. K\u00e4ynnistysaika &lt;2 s.<br \/>\n1024\u00d7768 AMOLED-n\u00e4ytt\u00f6, kirkkaus ja kehys s\u00e4\u00e4dett\u00e4viss\u00e4.<br \/>\nSis\u00e4\u00e4nrakennettu toiminto: laserosoitin, gyroskooppi.<br \/>\nVaihdettavat t\u00e4ht\u00e4ysmerkit (7 eri tyyppi\u00e4 + &#8221;ei ruudukkoa&#8221; -tila).<br \/>\n5 havaintoprofiilia. Kuvantaminen &#8221;yhdell\u00e4&#8221; kasetilla&#8221;&#8221;<br \/>\nJopa 6 tunnin jatkuva k\u00e4ytt\u00f6, lepotila.<br \/>\nSek\u00e4 okulaarin ett\u00e4 objektiivin manuaalinen tarkennus (3 metrin et\u00e4isyydelt\u00e4).<br \/>\nWi-Fi, HDMI, videonauhuri. Micro SD\/TF-korttipaikka.<br \/>\nVedenpit\u00e4vyys IP67, iskunkest\u00e4vyys jopa 6000 J.<br \/>\nMukana Weaver\/Picatinny-kiskokiinnitys.<br \/>\nTestattu k\u00e4ytt\u00f6l\u00e4mp\u00f6tiloissa -20 \u00b0C &#8211; +50 \u00b0C.<\/p>\n","protected":false},"featured_media":61495,"template":"","meta":{"_acf_changed":false},"product_brand":[],"product_cat":[514],"product_tag":[],"class_list":{"0":"post-61510","1":"product","2":"type-product","3":"status-publish","4":"has-post-thumbnail","6":"product_cat-yonakolaitteet","8":"first","9":"onbackorder","10":"taxable","11":"shipping-taxable","12":"product-type-simple"},"acf":[],"_links":{"self":[{"href":"https:\/\/kingarms.ee\/fi\/wp-json\/wp\/v2\/product\/61510","targetHints":{"allow":["GET"]}}],"collection":[{"href":"https:\/\/kingarms.ee\/fi\/wp-json\/wp\/v2\/product"}],"about":[{"href":"https:\/\/kingarms.ee\/fi\/wp-json\/wp\/v2\/types\/product"}],"wp:featuredmedia":[{"embeddable":true,"href":"https:\/\/kingarms.ee\/fi\/wp-json\/wp\/v2\/media\/61495"}],"wp:attachment":[{"href":"https:\/\/kingarms.ee\/fi\/wp-json\/wp\/v2\/media?parent=61510"}],"wp:term":[{"taxonomy":"product_brand","embeddable":true,"href":"https:\/\/kingarms.ee\/fi\/wp-json\/wp\/v2\/product_brand?post=61510"},{"taxonomy":"product_cat","embeddable":true,"href":"https:\/\/kingarms.ee\/fi\/wp-json\/wp\/v2\/product_cat?post=61510"},{"taxonomy":"product_tag","embeddable":true,"href":"https:\/\/kingarms.ee\/fi\/wp-json\/wp\/v2\/product_tag?post=61510"}],"curies":[{"name":"wp","href":"https:\/\/api.w.org\/{rel}","templated":true}]}}