{"id":61538,"date":"2022-09-12T16:36:31","date_gmt":"2022-09-12T13:38:51","guid":{"rendered":"https:\/\/kingarms.ee\/product\/yokuvaus-sytong-ht-77-940-nm\/"},"modified":"2024-08-08T14:36:58","modified_gmt":"2024-08-08T11:36:58","slug":"oovaatlusseade-sytong-ht-77-940-nm","status":"publish","type":"product","link":"https:\/\/kingarms.ee\/fi\/product\/oovaatlusseade-sytong-ht-77-940-nm\/","title":{"rendered":"Y\u00f6kuvaus &#8211; Sytong HT-77 940 nm"},"content":{"rendered":"<p><img loading=\"lazy\" decoding=\"async\" class=\"alignnone size-medium wp-image-61515\" src=\"https:\/\/kingarms.ee\/wp-content\/uploads\/2022\/09\/sysm4fbl-300x210.png\" alt=\"\" width=\"300\" height=\"210\" srcset=\"https:\/\/kingarms.ee\/wp-content\/uploads\/2022\/09\/sysm4fbl-300x210.png 300w, https:\/\/kingarms.ee\/wp-content\/uploads\/2022\/09\/sysm4fbl-1024x717.png 1024w, https:\/\/kingarms.ee\/wp-content\/uploads\/2022\/09\/sysm4fbl-768x537.png 768w, https:\/\/kingarms.ee\/wp-content\/uploads\/2022\/09\/sysm4fbl-1536x1075.png 1536w, https:\/\/kingarms.ee\/wp-content\/uploads\/2022\/09\/sysm4fbl-500x350.png 500w, https:\/\/kingarms.ee\/wp-content\/uploads\/2022\/09\/sysm4fbl-150x105.png 150w, https:\/\/kingarms.ee\/wp-content\/uploads\/2022\/09\/sysm4fbl.png 1715w\" sizes=\"auto, (max-width: 300px) 100vw, 300px\" \/><\/p>\n","protected":false},"excerpt":{"rendered":"<p>F16 mm:n objektiivilla varustettu HT-77 on paras valinta keskipitk\u00e4n ja pitk\u00e4n matkan valokuvaukseen ja havainnointiin. Tarkennusrumpu ei ole pohjassa, kuten HT-66:ssa, vaan sivussa, ja se on tasainen ja p\u00e4\u00e4see helposti k\u00e4siksi kahvaan. Pienen 100 mm:n polttov\u00e4lin ansiosta voit k\u00e4ytt\u00e4\u00e4 laitetta elektronisena okulaattorina ja tutkia kirjaimellisesti jalkojen alla olevia kohteita. Ja koska okulaarin laaja tarkennusalue on -5 &#8211; +5 dioptriaa, useimmat omistajat eiv\u00e4t tarvitse laseja mets\u00e4stykseen.<\/p>\n<p>T\u00e4rkeimm\u00e4t parametrit<br \/>\nF16-objektiivi sivutarkennuksella 100 cm:n et\u00e4isyydelt\u00e4.<br \/>\nHD-n\u00e4ytt\u00f6. V\u00e4rillinen, vihre\u00e4 tai mustavalkoinen kuva.<br \/>\nDigitaalinen zoom jopa 3,5x. PiP-toiminto, jossa on &#8220;ikkunan&#8221; keskitys.<br \/>\n940 nm:n IR-valaisin, jossa on valittavissa tarkennus ja kirkkaus.<br \/>\nVideokuvaus \u00e4\u00e4nen kanssa irrotettavalle muistikortille enint\u00e4\u00e4n 128 Gt:n kokoiselle muistikortille.<br \/>\nGyroskooppi, LCC, &#8220;lepotila&#8221;. Jalustan kiinnitys 1\u20444&#8243;.<br \/>\nP\u00e4\u00e4n kiinnike okulaarin halkaisijalle 25&#8230;47 mm.<br \/>\nIskunkest\u00e4vyys .375 H&amp;H Magnumissa (6000 J).<br \/>\nT\u00e4ysi suojaus vett\u00e4 ja p\u00f6ly\u00e4 vastaan IP67. Toiminta -20\/+50 \u00b0C:ssa.<\/p>\n","protected":false},"featured_media":61515,"template":"","meta":{"_acf_changed":false},"product_brand":[],"product_cat":[514],"product_tag":[],"class_list":{"0":"post-61538","1":"product","2":"type-product","3":"status-publish","4":"has-post-thumbnail","6":"product_cat-yonakolaitteet","8":"first","9":"instock","10":"taxable","11":"shipping-taxable","12":"purchasable","13":"product-type-simple"},"acf":[],"_links":{"self":[{"href":"https:\/\/kingarms.ee\/fi\/wp-json\/wp\/v2\/product\/61538","targetHints":{"allow":["GET"]}}],"collection":[{"href":"https:\/\/kingarms.ee\/fi\/wp-json\/wp\/v2\/product"}],"about":[{"href":"https:\/\/kingarms.ee\/fi\/wp-json\/wp\/v2\/types\/product"}],"wp:featuredmedia":[{"embeddable":true,"href":"https:\/\/kingarms.ee\/fi\/wp-json\/wp\/v2\/media\/61515"}],"wp:attachment":[{"href":"https:\/\/kingarms.ee\/fi\/wp-json\/wp\/v2\/media?parent=61538"}],"wp:term":[{"taxonomy":"product_brand","embeddable":true,"href":"https:\/\/kingarms.ee\/fi\/wp-json\/wp\/v2\/product_brand?post=61538"},{"taxonomy":"product_cat","embeddable":true,"href":"https:\/\/kingarms.ee\/fi\/wp-json\/wp\/v2\/product_cat?post=61538"},{"taxonomy":"product_tag","embeddable":true,"href":"https:\/\/kingarms.ee\/fi\/wp-json\/wp\/v2\/product_tag?post=61538"}],"curies":[{"name":"wp","href":"https:\/\/api.w.org\/{rel}","templated":true}]}}