{"id":61554,"date":"2022-09-12T17:12:34","date_gmt":"2022-09-12T14:14:39","guid":{"rendered":"https:\/\/kingarms.ee\/product\/yokuvaus-l-shine-ls-650-6x50-l-shine-ls-650-6x50\/"},"modified":"2024-08-08T14:36:16","modified_gmt":"2024-08-08T11:36:16","slug":"oovaatlusseade-l-shine-ls-650-6x50-2","status":"publish","type":"product","link":"https:\/\/kingarms.ee\/fi\/product\/oovaatlusseade-l-shine-ls-650-6x50-2\/","title":{"rendered":"Y\u00f6kuvaus &#8211; L-Shine LS-650 6&#215;50 &#8211; L-Shine LS-650 6&#215;50"},"content":{"rendered":"<p><img loading=\"lazy\" decoding=\"async\" class=\"alignnone size-medium wp-image-61543\" src=\"https:\/\/kingarms.ee\/wp-content\/uploads\/2022\/09\/monokular-cyfrowy-noktowizor-l-shine-ls-650-6x50-1-300x300.jpeg\" alt=\"\" width=\"300\" height=\"300\" srcset=\"https:\/\/kingarms.ee\/wp-content\/uploads\/2022\/09\/monokular-cyfrowy-noktowizor-l-shine-ls-650-6x50-1-300x300.jpeg 300w, https:\/\/kingarms.ee\/wp-content\/uploads\/2022\/09\/monokular-cyfrowy-noktowizor-l-shine-ls-650-6x50-1-150x150.jpeg 150w, https:\/\/kingarms.ee\/wp-content\/uploads\/2022\/09\/monokular-cyfrowy-noktowizor-l-shine-ls-650-6x50-1-768x768.jpeg 768w, https:\/\/kingarms.ee\/wp-content\/uploads\/2022\/09\/monokular-cyfrowy-noktowizor-l-shine-ls-650-6x50-1-500x500.jpeg 500w, https:\/\/kingarms.ee\/wp-content\/uploads\/2022\/09\/monokular-cyfrowy-noktowizor-l-shine-ls-650-6x50-1.jpeg 950w\" sizes=\"auto, (max-width: 300px) 100vw, 300px\" \/><\/p>\n","protected":false},"excerpt":{"rendered":"<p>L-Shine LS-650 on pieni digitaalinen pime\u00e4n\u00e4k\u00f6laite, joka on suunniteltu p\u00e4iv\u00e4- ja y\u00f6n\u00e4k\u00f6\u00f6n. Tehokkaan 5 Mpx CMOS-kennon ansiosta tehokas katseluet\u00e4isyys on 500 m (testattu). T\u00e4m\u00e4 yhdistettyn\u00e4 kuvaus- ja valokuvausmahdollisuuteen antaa mets\u00e4st\u00e4jille, luonnon tarkkailijoille ja yksityisetsiville paljon toimintamahdollisuuksia.<\/p>\n<p>L-Shine LS 650 digitaalisen y\u00f6n\u00e4k\u00f6laitteen tekniset tiedot<br \/>\nN\u00e4k\u00f6kentt\u00e4 kyll\u00e4, 4 astetta<br \/>\n1.5 TFT LCD-n\u00e4ytt\u00f6<br \/>\nTuki enint\u00e4\u00e4n 32 Gt:n microSD-muistikortille<br \/>\n850 nm:n infrapunavalo<br \/>\nN\u00e4k\u00f6kent\u00e4n leveys noin 100 metrin et\u00e4isyydell\u00e4 on noin 6,8 metri\u00e4.<br \/>\nDigitaalinen zoom jopa 5x<br \/>\nSuurin kantama on 500 m (testattu).<br \/>\nEt\u00e4isyys silm\u00e4st\u00e4 20 mm<br \/>\nSuurennus 6-30 x<br \/>\nOptinen suurennus 6x zoom<br \/>\n18 mm okulaarin leveys<br \/>\nValokuvan resoluutio 2592 * 1944 1600 * 1200 640 * 480<br \/>\nVirtal\u00e4hde 4 x AA<br \/>\nMitat 208 mm<br \/>\nPaino 765 g<br \/>\nObjektiivin halkaisija 50 mm 1<\/p>\n","protected":false},"featured_media":61543,"template":"","meta":{"_acf_changed":false},"product_brand":[],"product_cat":[514],"product_tag":[],"class_list":{"0":"post-61554","1":"product","2":"type-product","3":"status-publish","4":"has-post-thumbnail","6":"product_cat-yonakolaitteet","8":"first","9":"instock","10":"taxable","11":"shipping-taxable","12":"purchasable","13":"product-type-simple"},"acf":[],"_links":{"self":[{"href":"https:\/\/kingarms.ee\/fi\/wp-json\/wp\/v2\/product\/61554","targetHints":{"allow":["GET"]}}],"collection":[{"href":"https:\/\/kingarms.ee\/fi\/wp-json\/wp\/v2\/product"}],"about":[{"href":"https:\/\/kingarms.ee\/fi\/wp-json\/wp\/v2\/types\/product"}],"wp:featuredmedia":[{"embeddable":true,"href":"https:\/\/kingarms.ee\/fi\/wp-json\/wp\/v2\/media\/61543"}],"wp:attachment":[{"href":"https:\/\/kingarms.ee\/fi\/wp-json\/wp\/v2\/media?parent=61554"}],"wp:term":[{"taxonomy":"product_brand","embeddable":true,"href":"https:\/\/kingarms.ee\/fi\/wp-json\/wp\/v2\/product_brand?post=61554"},{"taxonomy":"product_cat","embeddable":true,"href":"https:\/\/kingarms.ee\/fi\/wp-json\/wp\/v2\/product_cat?post=61554"},{"taxonomy":"product_tag","embeddable":true,"href":"https:\/\/kingarms.ee\/fi\/wp-json\/wp\/v2\/product_tag?post=61554"}],"curies":[{"name":"wp","href":"https:\/\/api.w.org\/{rel}","templated":true}]}}