{"id":61726,"date":"2022-09-20T15:54:05","date_gmt":"2022-09-20T12:56:01","guid":{"rendered":"https:\/\/kingarms.ee\/product\/lampokamera-hikvision-lynx-c06\/"},"modified":"2024-08-08T14:32:48","modified_gmt":"2024-08-08T11:32:48","slug":"lampokamera-hikvision-lynx-c06","status":"publish","type":"product","link":"https:\/\/kingarms.ee\/fi\/product\/lampokamera-hikvision-lynx-c06\/","title":{"rendered":"L\u00e4mp\u00f6kamera HIKVISION Lynx C06"},"content":{"rendered":"<p><img loading=\"lazy\" decoding=\"async\" class=\"alignnone size-medium wp-image-61713\" src=\"https:\/\/kingarms.ee\/wp-content\/uploads\/2022\/09\/kamera-termowizyjna-termowizor-hikmicro-by-hikvision-lynx-c06-699b02dd777e4f69b34fe3b4cfd9b241-91abfef5-300x300.jpeg\" alt=\"\" width=\"300\" height=\"300\" srcset=\"https:\/\/kingarms.ee\/wp-content\/uploads\/2022\/09\/kamera-termowizyjna-termowizor-hikmicro-by-hikvision-lynx-c06-699b02dd777e4f69b34fe3b4cfd9b241-91abfef5-300x300.jpeg 300w, https:\/\/kingarms.ee\/wp-content\/uploads\/2022\/09\/kamera-termowizyjna-termowizor-hikmicro-by-hikvision-lynx-c06-699b02dd777e4f69b34fe3b4cfd9b241-91abfef5-150x150.jpeg 150w, https:\/\/kingarms.ee\/wp-content\/uploads\/2022\/09\/kamera-termowizyjna-termowizor-hikmicro-by-hikvision-lynx-c06-699b02dd777e4f69b34fe3b4cfd9b241-91abfef5-768x768.jpeg 768w, https:\/\/kingarms.ee\/wp-content\/uploads\/2022\/09\/kamera-termowizyjna-termowizor-hikmicro-by-hikvision-lynx-c06-699b02dd777e4f69b34fe3b4cfd9b241-91abfef5-500x500.jpeg 500w, https:\/\/kingarms.ee\/wp-content\/uploads\/2022\/09\/kamera-termowizyjna-termowizor-hikmicro-by-hikvision-lynx-c06-699b02dd777e4f69b34fe3b4cfd9b241-91abfef5.jpeg 900w\" sizes=\"auto, (max-width: 300px) 100vw, 300px\" \/><\/p>\n","protected":false},"excerpt":{"rendered":"<p>Pieni l\u00e4mp\u00f6kamera HIKMICRO Lynx LC06 HikVisionilta, maailman suurimmalta CCTV- ja turvakameroiden valmistajalta.<\/p>\n<p>&#8211; Herkk\u00e4 160\u00d7120, 17 \u03bcm:n kenno tuottaa hyv\u00e4n kuvan.<br \/>\n&#8211; L\u00e4mp\u00f6kameran kantama on jopa 219 metri\u00e4.<br \/>\n&#8211; T-Vision-sovelluksen avulla \u00e4lylaitetta voidaan k\u00e4ytt\u00e4\u00e4 ulkoisena n\u00e4ytt\u00f6n\u00e4.<\/p>\n<p>Anturi: VOx-j\u00e4\u00e4hdytt\u00e4m\u00e4tt\u00f6m\u00e4t polttotasosarjat (Focal Plane Array)<br \/>\nResoluutio: 160 \u00d7 120<br \/>\nHz: 50Hz<br \/>\nPikselikoko: 17\u00b5m<br \/>\naallonpituus: 8\u00b5m &#8211; 14\u00b5m<br \/>\nNETD: alle 35 mK (@ 25\u00b0C, F# = 1,1)<br \/>\nPolttov\u00e4li: 6.2mm<br \/>\nIFOV: 2,74 mrad Kulma of<br \/>\nN\u00e4k\u00f6kentt\u00e4: 24,7\u00b0 \u00d7 18,7\u00b0 (korkeus \u00d7 leveys)<br \/>\nAukko: F1.1<br \/>\nSuurennos: 0,6-2,4<br \/>\nLatausj\u00e4nnite: 5 VDC \/ 2 A, 1,5 W, Type-C USB<br \/>\nK\u00e4ytt\u00f6l\u00e4mp\u00f6tila: -20 \u00b0C &#8211; 55 \u00b0C<br \/>\nSuojausluokka: IP67<br \/>\nMitat: 158,3\u00d761\u00d757 mm<br \/>\nPaino: 250 g<\/p>\n<p>Ladattava Li-ion-akku<br \/>\nToiminta-aika: 10 tuntia (25 \u00b0C:ssa) 7,5 tuntia Wi-Fi-hotspotilla.<br \/>\nSD-kortti: integroitu (8 GB)<br \/>\nTallentaminen: kuvat ja videot<br \/>\nWi-Fi: kyll\u00e4<br \/>\nValmiustila: kyll\u00e4<br \/>\nN\u00e4ytt\u00f6: 0,2\u2033 LCOS, 720 \u00d7 540 v\u00e4ri\u00e4<br \/>\nSeaded: valkoinen kuuma, musta kuuma, punainen kuuma, fuusio<br \/>\nVapautus: automaattinen, manuaalinen, ulkoinen<br \/>\nDigitaalinen suurennos: 1 \u00d7, 2 \u00d7, 4 \u00d7.<br \/>\nHot Track: kyll\u00e4<\/p>\n","protected":false},"featured_media":61715,"template":"","meta":{"_acf_changed":false},"product_brand":[],"product_cat":[510],"product_tag":[],"class_list":{"0":"post-61726","1":"product","2":"type-product","3":"status-publish","4":"has-post-thumbnail","6":"product_cat-lampokamerat","8":"first","9":"onbackorder","10":"taxable","11":"shipping-taxable","12":"product-type-simple"},"acf":[],"_links":{"self":[{"href":"https:\/\/kingarms.ee\/fi\/wp-json\/wp\/v2\/product\/61726","targetHints":{"allow":["GET"]}}],"collection":[{"href":"https:\/\/kingarms.ee\/fi\/wp-json\/wp\/v2\/product"}],"about":[{"href":"https:\/\/kingarms.ee\/fi\/wp-json\/wp\/v2\/types\/product"}],"wp:featuredmedia":[{"embeddable":true,"href":"https:\/\/kingarms.ee\/fi\/wp-json\/wp\/v2\/media\/61715"}],"wp:attachment":[{"href":"https:\/\/kingarms.ee\/fi\/wp-json\/wp\/v2\/media?parent=61726"}],"wp:term":[{"taxonomy":"product_brand","embeddable":true,"href":"https:\/\/kingarms.ee\/fi\/wp-json\/wp\/v2\/product_brand?post=61726"},{"taxonomy":"product_cat","embeddable":true,"href":"https:\/\/kingarms.ee\/fi\/wp-json\/wp\/v2\/product_cat?post=61726"},{"taxonomy":"product_tag","embeddable":true,"href":"https:\/\/kingarms.ee\/fi\/wp-json\/wp\/v2\/product_tag?post=61726"}],"curies":[{"name":"wp","href":"https:\/\/api.w.org\/{rel}","templated":true}]}}