{"id":61851,"date":"2022-09-21T13:26:33","date_gmt":"2022-09-21T10:29:37","guid":{"rendered":"https:\/\/kingarms.ee\/product\/asekaappi-glt-140-k\/"},"modified":"2024-08-08T14:32:06","modified_gmt":"2024-08-08T11:32:06","slug":"relvac-box-glt-140-k","status":"publish","type":"product","link":"https:\/\/kingarms.ee\/fi\/product\/relvac-box-glt-140-k\/","title":{"rendered":"Asekaappi GLT.140.K"},"content":{"rendered":"<p><img loading=\"lazy\" decoding=\"async\" class=\"alignnone size-medium wp-image-61839\" src=\"https:\/\/kingarms.ee\/wp-content\/uploads\/2022\/09\/GLT.140.K-open-1500x1500-1-300x300.jpeg\" alt=\"\" width=\"300\" height=\"300\" srcset=\"https:\/\/kingarms.ee\/wp-content\/uploads\/2022\/09\/GLT.140.K-open-1500x1500-1-300x300.jpeg 300w, https:\/\/kingarms.ee\/wp-content\/uploads\/2022\/09\/GLT.140.K-open-1500x1500-1-1024x1024.jpeg 1024w, https:\/\/kingarms.ee\/wp-content\/uploads\/2022\/09\/GLT.140.K-open-1500x1500-1-150x150.jpeg 150w, https:\/\/kingarms.ee\/wp-content\/uploads\/2022\/09\/GLT.140.K-open-1500x1500-1-768x768.jpeg 768w, https:\/\/kingarms.ee\/wp-content\/uploads\/2022\/09\/GLT.140.K-open-1500x1500-1-500x500.jpeg 500w, https:\/\/kingarms.ee\/wp-content\/uploads\/2022\/09\/GLT.140.K-open-1500x1500-1.jpeg 1500w\" sizes=\"auto, (max-width: 300px) 100vw, 300px\" \/><\/p>\n","protected":false},"excerpt":{"rendered":"<p>Soveltuu airsoft- ja ilma-aseille.<\/p>\n<p>Tykin enimm\u00e4iskorkeus 1260 mm<br \/>\nAseiden tyyppi<br \/>\nKokonaismitat, mm (L\/L\/T) 1412 mm\/260 mm\/260 mm<br \/>\nSis\u00e4mitat, mm (L\/L\/T) 1398 mm\/258 mm\/239 mm<br \/>\nPaino, kg 24<br \/>\nVolume, l 86<br \/>\nOven metallipaksuus, mm 2,4<br \/>\nLukituspulttij\u00e4rjestelm\u00e4 (2 kromattua aktiivista py\u00f6riv\u00e4\u00e4 pulttia).<br \/>\nLukitusavain vipulukko tyyppi<br \/>\nAntrasiitti (RAL 7016)<br \/>\nPinnoitetyyppi polymeeripinnoite<br \/>\nAnkkurointisolmut sein\u00e4ankkureiden sein\u00e4\u00e4n kiinnitt\u00e4mist\u00e4 varten<br \/>\nK\u00e4teinen 1<br \/>\nAseiden lukum\u00e4\u00e4r\u00e4 4<br \/>\n5 vuoden suunnittelutakuu<br \/>\nLukon takuu 1 vuosi<\/p>\n","protected":false},"featured_media":88153,"template":"","meta":{"_acf_changed":false},"product_brand":[],"product_cat":[507],"product_tag":[],"class_list":{"0":"post-61851","1":"product","2":"type-product","3":"status-publish","4":"has-post-thumbnail","6":"product_cat-kaapit","8":"first","9":"outofstock","10":"taxable","11":"shipping-taxable","12":"purchasable","13":"product-type-simple"},"acf":[],"_links":{"self":[{"href":"https:\/\/kingarms.ee\/fi\/wp-json\/wp\/v2\/product\/61851","targetHints":{"allow":["GET"]}}],"collection":[{"href":"https:\/\/kingarms.ee\/fi\/wp-json\/wp\/v2\/product"}],"about":[{"href":"https:\/\/kingarms.ee\/fi\/wp-json\/wp\/v2\/types\/product"}],"wp:featuredmedia":[{"embeddable":true,"href":"https:\/\/kingarms.ee\/fi\/wp-json\/wp\/v2\/media\/88153"}],"wp:attachment":[{"href":"https:\/\/kingarms.ee\/fi\/wp-json\/wp\/v2\/media?parent=61851"}],"wp:term":[{"taxonomy":"product_brand","embeddable":true,"href":"https:\/\/kingarms.ee\/fi\/wp-json\/wp\/v2\/product_brand?post=61851"},{"taxonomy":"product_cat","embeddable":true,"href":"https:\/\/kingarms.ee\/fi\/wp-json\/wp\/v2\/product_cat?post=61851"},{"taxonomy":"product_tag","embeddable":true,"href":"https:\/\/kingarms.ee\/fi\/wp-json\/wp\/v2\/product_tag?post=61851"}],"curies":[{"name":"wp","href":"https:\/\/api.w.org\/{rel}","templated":true}]}}