{"id":61867,"date":"2022-09-21T14:04:32","date_gmt":"2022-09-21T11:07:22","guid":{"rendered":"https:\/\/kingarms.ee\/product\/asekaappi-glst-130-k\/"},"modified":"2024-08-08T14:31:25","modified_gmt":"2024-08-08T11:31:25","slug":"relay-unit-glst-130-k","status":"publish","type":"product","link":"https:\/\/kingarms.ee\/fi\/product\/relay-unit-glst-130-k\/","title":{"rendered":"Asekaappi GLST.130.K"},"content":{"rendered":"<p><img loading=\"lazy\" decoding=\"async\" class=\"alignnone size-medium wp-image-61854\" src=\"https:\/\/kingarms.ee\/wp-content\/uploads\/2022\/09\/GLST.130.K-open-500x500-1-300x300.jpeg\" alt=\"\" width=\"300\" height=\"300\" srcset=\"https:\/\/kingarms.ee\/wp-content\/uploads\/2022\/09\/GLST.130.K-open-500x500-1-300x300.jpeg 300w, https:\/\/kingarms.ee\/wp-content\/uploads\/2022\/09\/GLST.130.K-open-500x500-1-150x150.jpeg 150w, https:\/\/kingarms.ee\/wp-content\/uploads\/2022\/09\/GLST.130.K-open-500x500-1.jpeg 500w\" sizes=\"auto, (max-width: 300px) 100vw, 300px\" \/><\/p>\n","protected":false},"excerpt":{"rendered":"<p>Sopii airsoft- ja ilma-aseisiin.<\/p>\n<p>Tykin enimm\u00e4iskorkeus 1260<br \/>\nAseiden tyyppi<br \/>\nUlkomitat, mm (L\/L\/T) 1312 mm\/420 mm\/260 mm<br \/>\nSis\u00e4mitat, mm (L\/L\/T) 1298 mm\/418 mm\/239 mm<br \/>\nPaino, kg 35<br \/>\nTilavuus, l 130<br \/>\nOven metallipaksuus, mm 2,4<br \/>\nLukituspulttij\u00e4rjestelm\u00e4 (2 kromattua aktiivista py\u00f6riv\u00e4\u00e4 pulttia).<br \/>\nLukitusavain vipulukko tyyppi<br \/>\nAntrasiitti (RAL 7016)<br \/>\nPinnoitetyyppi polymeeripinnoite<br \/>\nAnkkurointisolmut sein\u00e4ankkureiden sein\u00e4\u00e4n kiinnitt\u00e4mist\u00e4 varten<br \/>\nK\u00e4teinen 1<br \/>\nHyllyt 3<br \/>\nAseiden lukum\u00e4\u00e4r\u00e4 4<br \/>\n5 vuoden suunnittelutakuu<br \/>\nLukon takuu 1 vuosi<\/p>\n","protected":false},"featured_media":88149,"template":"","meta":{"_acf_changed":false},"product_brand":[],"product_cat":[507],"product_tag":[],"class_list":{"0":"post-61867","1":"product","2":"type-product","3":"status-publish","4":"has-post-thumbnail","6":"product_cat-kaapit","8":"first","9":"onbackorder","10":"taxable","11":"shipping-taxable","12":"product-type-simple"},"acf":[],"_links":{"self":[{"href":"https:\/\/kingarms.ee\/fi\/wp-json\/wp\/v2\/product\/61867","targetHints":{"allow":["GET"]}}],"collection":[{"href":"https:\/\/kingarms.ee\/fi\/wp-json\/wp\/v2\/product"}],"about":[{"href":"https:\/\/kingarms.ee\/fi\/wp-json\/wp\/v2\/types\/product"}],"wp:featuredmedia":[{"embeddable":true,"href":"https:\/\/kingarms.ee\/fi\/wp-json\/wp\/v2\/media\/88149"}],"wp:attachment":[{"href":"https:\/\/kingarms.ee\/fi\/wp-json\/wp\/v2\/media?parent=61867"}],"wp:term":[{"taxonomy":"product_brand","embeddable":true,"href":"https:\/\/kingarms.ee\/fi\/wp-json\/wp\/v2\/product_brand?post=61867"},{"taxonomy":"product_cat","embeddable":true,"href":"https:\/\/kingarms.ee\/fi\/wp-json\/wp\/v2\/product_cat?post=61867"},{"taxonomy":"product_tag","embeddable":true,"href":"https:\/\/kingarms.ee\/fi\/wp-json\/wp\/v2\/product_tag?post=61867"}],"curies":[{"name":"wp","href":"https:\/\/api.w.org\/{rel}","templated":true}]}}