{"id":61895,"date":"2022-09-21T14:24:18","date_gmt":"2022-09-21T11:27:42","guid":{"rendered":"https:\/\/kingarms.ee\/product\/asekaappi-ge-450-k-l\/"},"modified":"2024-08-08T14:30:02","modified_gmt":"2024-08-08T11:30:02","slug":"relay-unit-ge-450-k-l","status":"publish","type":"product","link":"https:\/\/kingarms.ee\/fi\/product\/relay-unit-ge-450-k-l\/","title":{"rendered":"Asekaappi GE.450.K.L"},"content":{"rendered":"<p><img loading=\"lazy\" decoding=\"async\" class=\"alignnone size-medium wp-image-61883\" src=\"https:\/\/kingarms.ee\/wp-content\/uploads\/2022\/09\/GE.450-open-new-section-500x500-1-300x300.jpeg\" alt=\"\" width=\"300\" height=\"300\" srcset=\"https:\/\/kingarms.ee\/wp-content\/uploads\/2022\/09\/GE.450-open-new-section-500x500-1-300x300.jpeg 300w, https:\/\/kingarms.ee\/wp-content\/uploads\/2022\/09\/GE.450-open-new-section-500x500-1-150x150.jpeg 150w, https:\/\/kingarms.ee\/wp-content\/uploads\/2022\/09\/GE.450-open-new-section-500x500-1.jpeg 500w\" sizes=\"auto, (max-width: 300px) 100vw, 300px\" \/><\/p>\n","protected":false},"excerpt":{"rendered":"<p>GE GRIFFONin eurooppalaisen sarjan murtosuojatut asekaapit on sertifioitu eurooppalaisessa ECB-S-laboratoriossa, ja niill\u00e4 on EN 14450 -standardin mukainen S1-luokan sertifikaatti. Ja ominaisuuksia, kuten:<\/p>\n<p>Murtumisen est\u00e4v\u00e4 &#8220;koukku&#8221;, joka est\u00e4\u00e4 oven avaamisen ter\u00e4v\u00e4ll\u00e4 esineell\u00e4 tai ruuvimeisselill\u00e4.<br \/>\nMetallin paksuus &#8211; 3 mm<br \/>\nNelinapainen lukitusj\u00e4rjestelm\u00e4, aktiiviset kromatut k\u00e4\u00e4nt\u00f6pultit, \u00d8 25 mm.<br \/>\nKarkaistut ter\u00e4sseoslevyt suojaavat poraukselta ja lukkojen ja poikkitankojen irtoamiselta.<br \/>\nSis\u00e4inen leikkauksenestosilmukka<br \/>\nOvissa on irrotettavat saranoidut elementit, jotka on j\u00e4rjestetty uudelleen: taskut ampumatarvikkeille ja aseiden huoltotarjottimelle, pidike ramppeja varten, koukut.<br \/>\nRamrodade pidikkeet 2-4 kpl.<br \/>\nIrrotettava optinen aseteline ja irrotettava magneettiteline (s\u00e4\u00e4dett\u00e4viss\u00e4 sopivalle korkeudelle).<br \/>\nKassakaappi, joka on suunniteltu enint\u00e4\u00e4n 1450 mm korkeiden aseiden s\u00e4ilytt\u00e4miseen.<\/p>\n<p>Paino, 114 kg<br \/>\nTilavuus, l 194<br \/>\nOven metallin paksuus, mm 3<br \/>\nRungon metallin paksuus, mm 3<br \/>\nTunkeutumiskest\u00e4vyysluokka S1 EN 14450:n mukaan.<\/p>\n","protected":false},"featured_media":88145,"template":"","meta":{"_acf_changed":false},"product_brand":[],"product_cat":[507],"product_tag":[],"class_list":{"0":"post-61895","1":"product","2":"type-product","3":"status-publish","4":"has-post-thumbnail","6":"product_cat-kaapit","8":"first","9":"instock","10":"taxable","11":"shipping-taxable","12":"purchasable","13":"product-type-simple"},"acf":[],"_links":{"self":[{"href":"https:\/\/kingarms.ee\/fi\/wp-json\/wp\/v2\/product\/61895","targetHints":{"allow":["GET"]}}],"collection":[{"href":"https:\/\/kingarms.ee\/fi\/wp-json\/wp\/v2\/product"}],"about":[{"href":"https:\/\/kingarms.ee\/fi\/wp-json\/wp\/v2\/types\/product"}],"wp:featuredmedia":[{"embeddable":true,"href":"https:\/\/kingarms.ee\/fi\/wp-json\/wp\/v2\/media\/88145"}],"wp:attachment":[{"href":"https:\/\/kingarms.ee\/fi\/wp-json\/wp\/v2\/media?parent=61895"}],"wp:term":[{"taxonomy":"product_brand","embeddable":true,"href":"https:\/\/kingarms.ee\/fi\/wp-json\/wp\/v2\/product_brand?post=61895"},{"taxonomy":"product_cat","embeddable":true,"href":"https:\/\/kingarms.ee\/fi\/wp-json\/wp\/v2\/product_cat?post=61895"},{"taxonomy":"product_tag","embeddable":true,"href":"https:\/\/kingarms.ee\/fi\/wp-json\/wp\/v2\/product_tag?post=61895"}],"curies":[{"name":"wp","href":"https:\/\/api.w.org\/{rel}","templated":true}]}}