{"id":61990,"date":"2022-09-25T12:19:32","date_gmt":"2022-09-25T09:23:28","guid":{"rendered":"https:\/\/kingarms.ee\/product\/metsastyssukat-remington-40den\/"},"modified":"2024-08-08T14:24:54","modified_gmt":"2024-08-08T11:24:54","slug":"jahdin-sukat-remington-40den-2","status":"publish","type":"product","link":"https:\/\/kingarms.ee\/fi\/product\/jahdin-sukat-remington-40den-2\/","title":{"rendered":"Mets\u00e4styssukat Remington 40DEN"},"content":{"rendered":"<p><img loading=\"lazy\" decoding=\"async\" class=\"alignnone size-medium wp-image-61984\" src=\"https:\/\/kingarms.ee\/wp-content\/uploads\/2022\/09\/%D0%9D%D0%BE%D1%81%D0%BA%D0%B8_Remington_Hunting_Thin_Short_Socks_40_Den_White_Orange_1-230x300.jpeg\" alt=\"\" width=\"230\" height=\"300\" \/><\/p>\n","protected":false},"excerpt":{"rendered":"<p>Remington Hunting Thin Short Socks 40 Den White\/Orange ovat mukava ja k\u00e4yt\u00e4nn\u00f6llinen valinta mets\u00e4stykseen, kalastukseen, vaellukselle ja jokap\u00e4iv\u00e4iseen k\u00e4ytt\u00f6\u00f6n. Sukat on valmistettu 80 % puuvillasta, 17 % polyesterist\u00e4 ja 3 % elastaanista. Ne siirt\u00e4v\u00e4t hyvin kosteutta, joten et tunne oloasi ep\u00e4mukavaksi mihin vuodenaikaan tahansa. Remington Hunting Thin Short Socks 40 Den White\/Orange eiv\u00e4t ep\u00e4muodostu k\u00e4yt\u00f6n tai pesun j\u00e4lkeen. Polyesterin ja elastaanin yhdistelm\u00e4 antaa tuotteelle erinomaisen joustavuuden ja mukavan istuvuuden jalkaan.<\/p>\n","protected":false},"featured_media":61986,"template":"","meta":{"_acf_changed":false},"product_brand":[],"product_cat":[775],"product_tag":[],"class_list":{"0":"post-61990","1":"product","2":"type-product","3":"status-publish","4":"has-post-thumbnail","6":"product_cat-saappaat","8":"first","9":"instock","10":"sale","11":"taxable","12":"shipping-taxable","13":"purchasable","14":"product-type-variable"},"acf":[],"_links":{"self":[{"href":"https:\/\/kingarms.ee\/fi\/wp-json\/wp\/v2\/product\/61990","targetHints":{"allow":["GET"]}}],"collection":[{"href":"https:\/\/kingarms.ee\/fi\/wp-json\/wp\/v2\/product"}],"about":[{"href":"https:\/\/kingarms.ee\/fi\/wp-json\/wp\/v2\/types\/product"}],"wp:featuredmedia":[{"embeddable":true,"href":"https:\/\/kingarms.ee\/fi\/wp-json\/wp\/v2\/media\/61986"}],"wp:attachment":[{"href":"https:\/\/kingarms.ee\/fi\/wp-json\/wp\/v2\/media?parent=61990"}],"wp:term":[{"taxonomy":"product_brand","embeddable":true,"href":"https:\/\/kingarms.ee\/fi\/wp-json\/wp\/v2\/product_brand?post=61990"},{"taxonomy":"product_cat","embeddable":true,"href":"https:\/\/kingarms.ee\/fi\/wp-json\/wp\/v2\/product_cat?post=61990"},{"taxonomy":"product_tag","embeddable":true,"href":"https:\/\/kingarms.ee\/fi\/wp-json\/wp\/v2\/product_tag?post=61990"}],"curies":[{"name":"wp","href":"https:\/\/api.w.org\/{rel}","templated":true}]}}