{"id":62006,"date":"2022-09-25T12:37:27","date_gmt":"2022-09-25T09:39:22","guid":{"rendered":"https:\/\/kingarms.ee\/product\/mfh-27-osainen-selviytymispakkaus-laatikossa\/"},"modified":"2024-08-08T14:23:29","modified_gmt":"2024-08-08T11:23:29","slug":"mfh-27-osainen-tarvikepaketti-laatikossa-mfh-27-piece-supply-kit-in-a-box","status":"publish","type":"product","link":"https:\/\/kingarms.ee\/fi\/product\/mfh-27-osainen-tarvikepaketti-laatikossa-mfh-27-piece-supply-kit-in-a-box\/","title":{"rendered":"MFH 27-osainen selviytymispakkaus laatikossa"},"content":{"rendered":"<p><img loading=\"lazy\" decoding=\"async\" class=\"alignnone size-medium wp-image-62002\" src=\"https:\/\/kingarms.ee\/wp-content\/uploads\/2022\/09\/niezbednik-mfh-27-czesciowy-survivalowy-w-pudelku-539e1d4293434f6aa077014add57c6f5-5aa7426e-300x300.jpeg\" alt=\"\" width=\"300\" height=\"300\" srcset=\"https:\/\/kingarms.ee\/wp-content\/uploads\/2022\/09\/niezbednik-mfh-27-czesciowy-survivalowy-w-pudelku-539e1d4293434f6aa077014add57c6f5-5aa7426e-300x300.jpeg 300w, https:\/\/kingarms.ee\/wp-content\/uploads\/2022\/09\/niezbednik-mfh-27-czesciowy-survivalowy-w-pudelku-539e1d4293434f6aa077014add57c6f5-5aa7426e-150x150.jpeg 150w, https:\/\/kingarms.ee\/wp-content\/uploads\/2022\/09\/niezbednik-mfh-27-czesciowy-survivalowy-w-pudelku-539e1d4293434f6aa077014add57c6f5-5aa7426e-768x768.jpeg 768w, https:\/\/kingarms.ee\/wp-content\/uploads\/2022\/09\/niezbednik-mfh-27-czesciowy-survivalowy-w-pudelku-539e1d4293434f6aa077014add57c6f5-5aa7426e-500x500.jpeg 500w, https:\/\/kingarms.ee\/wp-content\/uploads\/2022\/09\/niezbednik-mfh-27-czesciowy-survivalowy-w-pudelku-539e1d4293434f6aa077014add57c6f5-5aa7426e.jpeg 900w\" sizes=\"auto, (max-width: 300px) 100vw, 300px\" \/><\/p>\n","protected":false},"excerpt":{"rendered":"<p>MFH 27-osainen selviytymispakkaus laatikossa<\/p>\n<p>Selviytymispakkauksen filosofia on koota kriisitilanteessa eniten tarvitsemasi ty\u00f6kalut ja pakata ne k\u00e4tev\u00e4\u00e4n, k\u00e4tev\u00e4\u00e4n astiaan, jota kannamme mukanamme. Jos meill\u00e4 ei ole tietoa tai kokemusta t\u00e4llaisen paketin rakentamiseen, voimme k\u00e4ytt\u00e4\u00e4 asiantuntijoiden kehitt\u00e4m\u00e4\u00e4 valmista tuotetta. MFH:n selviytymispakkaus sis\u00e4lt\u00e4\u00e4 27 huolellisesti valittua elementti\u00e4, jotka on pakattu kirkkaanv\u00e4riseen kest\u00e4v\u00e4\u00e4n polymeerilaatikkoon. S\u00e4ili\u00f6ss\u00e4 on nopea ja helppo sulkeminen ja vaahtomuovitiiviste, joka vaimentaa t\u00e4rin\u00e4\u00e4 ja est\u00e4\u00e4 kannettavien esineiden aiheuttaman melun. Laatikko itsess\u00e4\u00e4n voi toimia vesilukkona, kun se on tyhj\u00e4. Pakkaus voidaan kiinnitt\u00e4\u00e4 vy\u00f6h\u00f6n tai reppuun. S\u00e4ili\u00f6 sis\u00e4lt\u00f6ineen painaa 460 g, ja sen mitat ovat 65 \u00d7 135 \u00d7 45 mm.<\/p>\n","protected":false},"featured_media":87957,"template":"","meta":{"_acf_changed":false},"product_brand":[],"product_cat":[352],"product_tag":[],"class_list":{"0":"post-62006","1":"product","2":"type-product","3":"status-publish","4":"has-post-thumbnail","6":"product_cat-matkatavarat","8":"first","9":"instock","10":"taxable","11":"shipping-taxable","12":"purchasable","13":"product-type-simple"},"acf":[],"_links":{"self":[{"href":"https:\/\/kingarms.ee\/fi\/wp-json\/wp\/v2\/product\/62006","targetHints":{"allow":["GET"]}}],"collection":[{"href":"https:\/\/kingarms.ee\/fi\/wp-json\/wp\/v2\/product"}],"about":[{"href":"https:\/\/kingarms.ee\/fi\/wp-json\/wp\/v2\/types\/product"}],"wp:featuredmedia":[{"embeddable":true,"href":"https:\/\/kingarms.ee\/fi\/wp-json\/wp\/v2\/media\/87957"}],"wp:attachment":[{"href":"https:\/\/kingarms.ee\/fi\/wp-json\/wp\/v2\/media?parent=62006"}],"wp:term":[{"taxonomy":"product_brand","embeddable":true,"href":"https:\/\/kingarms.ee\/fi\/wp-json\/wp\/v2\/product_brand?post=62006"},{"taxonomy":"product_cat","embeddable":true,"href":"https:\/\/kingarms.ee\/fi\/wp-json\/wp\/v2\/product_cat?post=62006"},{"taxonomy":"product_tag","embeddable":true,"href":"https:\/\/kingarms.ee\/fi\/wp-json\/wp\/v2\/product_tag?post=62006"}],"curies":[{"name":"wp","href":"https:\/\/api.w.org\/{rel}","templated":true}]}}