{"id":62043,"date":"2022-09-25T14:57:22","date_gmt":"2022-09-25T11:59:34","guid":{"rendered":"https:\/\/kingarms.ee\/product\/kaasulammitin-liesi\/"},"modified":"2024-08-08T14:21:49","modified_gmt":"2024-08-08T11:21:49","slug":"kaasuliesi","status":"publish","type":"product","link":"https:\/\/kingarms.ee\/fi\/product\/kaasuliesi\/","title":{"rendered":"Kaasul\u00e4mmitin\/liesi"},"content":{"rendered":"<p><img loading=\"lazy\" decoding=\"async\" class=\"alignnone size-medium wp-image-62036\" src=\"https:\/\/kingarms.ee\/wp-content\/uploads\/2022\/09\/33793-800x800-1-300x300.jpeg\" alt=\"\" width=\"300\" height=\"300\" srcset=\"https:\/\/kingarms.ee\/wp-content\/uploads\/2022\/09\/33793-800x800-1-300x300.jpeg 300w, https:\/\/kingarms.ee\/wp-content\/uploads\/2022\/09\/33793-800x800-1-150x150.jpeg 150w, https:\/\/kingarms.ee\/wp-content\/uploads\/2022\/09\/33793-800x800-1-768x768.jpeg 768w, https:\/\/kingarms.ee\/wp-content\/uploads\/2022\/09\/33793-800x800-1-500x500.jpeg 500w, https:\/\/kingarms.ee\/wp-content\/uploads\/2022\/09\/33793-800x800-1.jpeg 800w\" sizes=\"auto, (max-width: 300px) 100vw, 300px\" \/><\/p>\n","protected":false},"excerpt":{"rendered":"<p>Kaasul\u00e4mmitin\/liesi<\/p>\n<p>Laitteita voidaan k\u00e4ytt\u00e4\u00e4 sek\u00e4 l\u00e4mmittimen\u00e4 ett\u00e4 keittimen\u00e4.<\/p>\n<p>Ihanteellinen retkeilyyn ja muihin ulkoilma-aktiviteetteihin!<br \/>\nElektronisesti sytytett\u00e4v\u00e4 kaasul\u00e4mmitin (kaasupallo)<br \/>\ns\u00e4\u00e4dett\u00e4v\u00e4 l\u00e4mmityselementti<br \/>\nS\u00e4\u00e4dett\u00e4v\u00e4 kaltevuuskulma<br \/>\nelektroninen sytytys kahvalla<br \/>\nPuolustusvoimat<br \/>\nK\u00e4yt\u00e4 vain ulkona!<\/p>\n<p>tiedot<br \/>\nPaino: 2,3 kg<br \/>\nMitat: 30 x 20 x 27 cm (LxSxK).<br \/>\nKasettityyppi: MSF-1a (ei sis\u00e4lly).<br \/>\nmaksimiteho: 1,3 KW 100 g\/h<br \/>\nV\u00e4ri musta<\/p>\n","protected":false},"featured_media":84471,"template":"","meta":{"_acf_changed":false},"product_brand":[],"product_cat":[352],"product_tag":[],"class_list":{"0":"post-62043","1":"product","2":"type-product","3":"status-publish","4":"has-post-thumbnail","6":"product_cat-matkatavarat","8":"first","9":"instock","10":"sale","11":"taxable","12":"shipping-taxable","13":"purchasable","14":"product-type-simple"},"acf":[],"_links":{"self":[{"href":"https:\/\/kingarms.ee\/fi\/wp-json\/wp\/v2\/product\/62043","targetHints":{"allow":["GET"]}}],"collection":[{"href":"https:\/\/kingarms.ee\/fi\/wp-json\/wp\/v2\/product"}],"about":[{"href":"https:\/\/kingarms.ee\/fi\/wp-json\/wp\/v2\/types\/product"}],"wp:featuredmedia":[{"embeddable":true,"href":"https:\/\/kingarms.ee\/fi\/wp-json\/wp\/v2\/media\/84471"}],"wp:attachment":[{"href":"https:\/\/kingarms.ee\/fi\/wp-json\/wp\/v2\/media?parent=62043"}],"wp:term":[{"taxonomy":"product_brand","embeddable":true,"href":"https:\/\/kingarms.ee\/fi\/wp-json\/wp\/v2\/product_brand?post=62043"},{"taxonomy":"product_cat","embeddable":true,"href":"https:\/\/kingarms.ee\/fi\/wp-json\/wp\/v2\/product_cat?post=62043"},{"taxonomy":"product_tag","embeddable":true,"href":"https:\/\/kingarms.ee\/fi\/wp-json\/wp\/v2\/product_tag?post=62043"}],"curies":[{"name":"wp","href":"https:\/\/api.w.org\/{rel}","templated":true}]}}