{"id":62522,"date":"2022-10-03T16:15:09","date_gmt":"2022-10-03T14:09:11","guid":{"rendered":"https:\/\/kingarms.ee\/product\/taktinen-liivi-jumper-plate-carrier-emersongear\/"},"modified":"2024-08-08T14:11:23","modified_gmt":"2024-08-08T11:11:23","slug":"taktinen-liivi-hyppaaja-laatan-kantolaite-henkilovaatteet","status":"publish","type":"product","link":"https:\/\/kingarms.ee\/fi\/product\/taktinen-liivi-hyppaaja-laatan-kantolaite-henkilovaatteet\/","title":{"rendered":"Taktinen liivi Jumper Plate Carrier  [EMERSONGEAR]"},"content":{"rendered":"","protected":false},"excerpt":{"rendered":"<p>Emerson gear taktinen liivi hypp\u00e4\u00e4j\u00e4 levyteline etu- ja takaosan molle-j\u00e4rjestelm\u00e4 etutaskut tarranauhalla etutaskut tarranauhalla s\u00e4\u00e4dett\u00e4v\u00e4 leveys s\u00e4\u00e4dett\u00e4v\u00e4t olkahihnat joustavat balistiset levyt mukana paino 750g<\/p>\n","protected":false},"featured_media":62380,"template":"","meta":{"_acf_changed":false},"product_brand":[],"product_cat":[265],"product_tag":[],"class_list":{"0":"post-62522","1":"product","2":"type-product","3":"status-publish","4":"has-post-thumbnail","6":"product_cat-takit-ja-valjaat","8":"first","9":"instock","10":"purchasable","11":"product-type-simple"},"acf":[],"_links":{"self":[{"href":"https:\/\/kingarms.ee\/fi\/wp-json\/wp\/v2\/product\/62522","targetHints":{"allow":["GET"]}}],"collection":[{"href":"https:\/\/kingarms.ee\/fi\/wp-json\/wp\/v2\/product"}],"about":[{"href":"https:\/\/kingarms.ee\/fi\/wp-json\/wp\/v2\/types\/product"}],"wp:featuredmedia":[{"embeddable":true,"href":"https:\/\/kingarms.ee\/fi\/wp-json\/wp\/v2\/media\/62380"}],"wp:attachment":[{"href":"https:\/\/kingarms.ee\/fi\/wp-json\/wp\/v2\/media?parent=62522"}],"wp:term":[{"taxonomy":"product_brand","embeddable":true,"href":"https:\/\/kingarms.ee\/fi\/wp-json\/wp\/v2\/product_brand?post=62522"},{"taxonomy":"product_cat","embeddable":true,"href":"https:\/\/kingarms.ee\/fi\/wp-json\/wp\/v2\/product_cat?post=62522"},{"taxonomy":"product_tag","embeddable":true,"href":"https:\/\/kingarms.ee\/fi\/wp-json\/wp\/v2\/product_tag?post=62522"}],"curies":[{"name":"wp","href":"https:\/\/api.w.org\/{rel}","templated":true}]}}