{"id":62559,"date":"2022-10-03T16:15:20","date_gmt":"2022-10-03T14:09:29","guid":{"rendered":"https:\/\/kingarms.ee\/product\/diamondback-3-9x40-vortex\/"},"modified":"2024-08-08T13:56:20","modified_gmt":"2024-08-08T10:56:20","slug":"diamondback-3-9x40-vortex-2","status":"publish","type":"product","link":"https:\/\/kingarms.ee\/fi\/product\/diamondback-3-9x40-vortex-2\/","title":{"rendered":"DIAMONDBACK 3-9X40  [Vortex]"},"content":{"rendered":"","protected":false},"excerpt":{"rendered":"<p>Suurennos: 3-9x<br \/>\nObjektiivin halkaisija :40 mm<br \/>\nSilm\u00e4nvarsi: 3,3 tuumaa<br \/>\nN\u00e4k\u00f6kentt\u00e4: 44.6-14.8 ft\/100 jaardia.<br \/>\nPutken koko: 1 tuuma<br \/>\nTorni-tyyli: .<br \/>\nS\u00e4\u00e4t\u00e4minen Valmistuminen: MOA<br \/>\nMatka per kierto: 15 MOA<br \/>\nMaksimikorkeuden s\u00e4\u00e4t\u00f6: 70 MOA<br \/>\nMaksimi tuulensuunnan s\u00e4\u00e4t\u00f6: MOA<br \/>\nParallaksiasetus: Asetukset: 100 metri\u00e4<br \/>\nPituus: 11.61 tuumaa<\/p>\n","protected":false},"featured_media":91094,"template":"","meta":{"_acf_changed":false},"product_brand":[],"product_cat":[659],"product_tag":[],"class_list":{"0":"post-62559","1":"product","2":"type-product","3":"status-publish","4":"has-post-thumbnail","6":"product_cat-optiset-tahtaimet","8":"first","9":"outofstock","10":"purchasable","11":"product-type-simple"},"acf":[],"_links":{"self":[{"href":"https:\/\/kingarms.ee\/fi\/wp-json\/wp\/v2\/product\/62559","targetHints":{"allow":["GET"]}}],"collection":[{"href":"https:\/\/kingarms.ee\/fi\/wp-json\/wp\/v2\/product"}],"about":[{"href":"https:\/\/kingarms.ee\/fi\/wp-json\/wp\/v2\/types\/product"}],"wp:featuredmedia":[{"embeddable":true,"href":"https:\/\/kingarms.ee\/fi\/wp-json\/wp\/v2\/media\/91094"}],"wp:attachment":[{"href":"https:\/\/kingarms.ee\/fi\/wp-json\/wp\/v2\/media?parent=62559"}],"wp:term":[{"taxonomy":"product_brand","embeddable":true,"href":"https:\/\/kingarms.ee\/fi\/wp-json\/wp\/v2\/product_brand?post=62559"},{"taxonomy":"product_cat","embeddable":true,"href":"https:\/\/kingarms.ee\/fi\/wp-json\/wp\/v2\/product_cat?post=62559"},{"taxonomy":"product_tag","embeddable":true,"href":"https:\/\/kingarms.ee\/fi\/wp-json\/wp\/v2\/product_tag?post=62559"}],"curies":[{"name":"wp","href":"https:\/\/api.w.org\/{rel}","templated":true}]}}