{"id":62574,"date":"2022-10-03T16:15:20","date_gmt":"2022-10-03T14:09:37","guid":{"rendered":"https:\/\/kingarms.ee\/product\/magclip-magneettinen-taskulamppukiinnike-23-26-mm-realhunter\/"},"modified":"2024-08-08T13:58:27","modified_gmt":"2024-08-08T10:58:27","slug":"magclip-magneettinen-taskulamppukiinnike-23-26-mm-realhunter","status":"publish","type":"product","link":"https:\/\/kingarms.ee\/fi\/product\/magclip-magneettinen-taskulamppukiinnike-23-26-mm-realhunter\/","title":{"rendered":"MagCLIP magneettinen taskulamppukiinnike &#8211; 23-26 mm  [RealHunter]"},"content":{"rendered":"","protected":false},"excerpt":{"rendered":"<p>MagCLIP magneettinen taskulamppukiinnike &#8211; 23-26 mm [RealHunter]<\/p>\n<p>MagCLIP on magneettinen kiinnitys 23-26 mm:n putkilla varustetuille taskulampuille, joka mahdollistaa ty\u00f6kaluttoman kiinnityksen aseeseen, auton koriin tai polkupy\u00f6r\u00e4n ohjaustankoon.<\/p>\n<p>Magneettijalustassa k\u00e4ytet\u00e4\u00e4n kahta vahvaa neodyymimagneettia, jotka on p\u00e4\u00e4llystetty kumilla suojan vuoksi. Ne tarttuvat turvallisesti metalliosiin &#8211; esim. aseen piippuun tai polkupy\u00f6r\u00e4n ohjaustankoon.<\/p>\n<p>Putken renkaan sis\u00e4puolen vuoraus pehme\u00e4ll\u00e4 vaahtomuovilla ja liukumattomalla kumikerroksella est\u00e4\u00e4 polttimen pinnan naarmuuntumisen ja vakauttaa sit\u00e4 lis\u00e4ksi. Ruuvin avulla tapahtuva s\u00e4\u00e4t\u00f6 mahdollistaa sellaisten taskulamppujen k\u00e4yt\u00f6n, joiden putken halkaisija on 23-26 mm.<\/p>\n","protected":false},"featured_media":62212,"template":"","meta":{"_acf_changed":false},"product_brand":[],"product_cat":[737,739],"product_tag":[],"class_list":{"0":"post-62574","1":"product","2":"type-product","3":"status-publish","4":"has-post-thumbnail","6":"product_cat-lupaukset-fi","7":"product_cat-sormukset-fi","9":"first","10":"instock","11":"purchasable","12":"product-type-simple"},"acf":[],"_links":{"self":[{"href":"https:\/\/kingarms.ee\/fi\/wp-json\/wp\/v2\/product\/62574","targetHints":{"allow":["GET"]}}],"collection":[{"href":"https:\/\/kingarms.ee\/fi\/wp-json\/wp\/v2\/product"}],"about":[{"href":"https:\/\/kingarms.ee\/fi\/wp-json\/wp\/v2\/types\/product"}],"wp:featuredmedia":[{"embeddable":true,"href":"https:\/\/kingarms.ee\/fi\/wp-json\/wp\/v2\/media\/62212"}],"wp:attachment":[{"href":"https:\/\/kingarms.ee\/fi\/wp-json\/wp\/v2\/media?parent=62574"}],"wp:term":[{"taxonomy":"product_brand","embeddable":true,"href":"https:\/\/kingarms.ee\/fi\/wp-json\/wp\/v2\/product_brand?post=62574"},{"taxonomy":"product_cat","embeddable":true,"href":"https:\/\/kingarms.ee\/fi\/wp-json\/wp\/v2\/product_cat?post=62574"},{"taxonomy":"product_tag","embeddable":true,"href":"https:\/\/kingarms.ee\/fi\/wp-json\/wp\/v2\/product_tag?post=62574"}],"curies":[{"name":"wp","href":"https:\/\/api.w.org\/{rel}","templated":true}]}}