{"id":62576,"date":"2022-10-03T16:15:20","date_gmt":"2022-10-03T14:09:38","guid":{"rendered":"https:\/\/kingarms.ee\/product\/sniper-matto\/"},"modified":"2024-08-08T13:59:52","modified_gmt":"2024-08-08T10:59:52","slug":"sniper-mat-2","status":"publish","type":"product","link":"https:\/\/kingarms.ee\/fi\/product\/sniper-mat-2\/","title":{"rendered":"Sniper matto"},"content":{"rendered":"","protected":false},"excerpt":{"rendered":"<p>Sniper matto<\/p>\n<p>Snugpak Maxi Olive itset\u00e4ytteinen matto &#8211; se on t\u00e4ysikokoinen, erist\u00e4\u00e4 hyvin ja antaa lepomukavuutta. Maton paino on pieni ja se pakkautuu pieneen kokoon, joten sit\u00e4 on helppo kuljettaa. Sen kovuutta voidaan s\u00e4\u00e4t\u00e4\u00e4 venttiilin avulla, ja se on my\u00f6s liukumaton maton pohjan viimeistelev\u00e4n kankaan ansiosta.<\/p>\n","protected":false},"featured_media":62216,"template":"","meta":{"_acf_changed":false},"product_brand":[],"product_cat":[498,352],"product_tag":[],"class_list":{"0":"post-62576","1":"product","2":"type-product","3":"status-publish","4":"has-post-thumbnail","6":"product_cat-makuupussit","7":"product_cat-matkatavarat","9":"first","10":"instock","11":"sale","12":"purchasable","13":"product-type-simple"},"acf":[],"_links":{"self":[{"href":"https:\/\/kingarms.ee\/fi\/wp-json\/wp\/v2\/product\/62576","targetHints":{"allow":["GET"]}}],"collection":[{"href":"https:\/\/kingarms.ee\/fi\/wp-json\/wp\/v2\/product"}],"about":[{"href":"https:\/\/kingarms.ee\/fi\/wp-json\/wp\/v2\/types\/product"}],"wp:featuredmedia":[{"embeddable":true,"href":"https:\/\/kingarms.ee\/fi\/wp-json\/wp\/v2\/media\/62216"}],"wp:attachment":[{"href":"https:\/\/kingarms.ee\/fi\/wp-json\/wp\/v2\/media?parent=62576"}],"wp:term":[{"taxonomy":"product_brand","embeddable":true,"href":"https:\/\/kingarms.ee\/fi\/wp-json\/wp\/v2\/product_brand?post=62576"},{"taxonomy":"product_cat","embeddable":true,"href":"https:\/\/kingarms.ee\/fi\/wp-json\/wp\/v2\/product_cat?post=62576"},{"taxonomy":"product_tag","embeddable":true,"href":"https:\/\/kingarms.ee\/fi\/wp-json\/wp\/v2\/product_tag?post=62576"}],"curies":[{"name":"wp","href":"https:\/\/api.w.org\/{rel}","templated":true}]}}