{"id":62577,"date":"2022-10-03T16:15:20","date_gmt":"2022-10-03T14:09:38","guid":{"rendered":"https:\/\/kingarms.ee\/product\/asekotelo-megaline\/"},"modified":"2024-08-08T14:00:36","modified_gmt":"2024-08-08T11:00:36","slug":"asekotelo-megaliini","status":"publish","type":"product","link":"https:\/\/kingarms.ee\/fi\/product\/asekotelo-megaliini\/","title":{"rendered":"Asekotelo  [Megaline]"},"content":{"rendered":"","protected":false},"excerpt":{"rendered":"<p>Pistoolikotelo 24,5&#215;17,8&#215;3,9 cm Musta Megaline 601\/0000<br \/>\nJ\u00e4ykk\u00e4 asekotelo k\u00e4siaseiden, ilmakiv\u00e4\u00e4rien tai ASG-asej\u00e4ljitelmien ja lis\u00e4varusteiden kuljettamiseen tai s\u00e4ilytt\u00e4miseen. Valmistanut italialainen Megaline-yhti\u00f6.<br \/>\nSe on valmistettu j\u00e4yk\u00e4st\u00e4 muovista, jonka ansiosta iskunkest\u00e4vyydelt\u00e4\u00e4n ja taivutuskest\u00e4vyydelt\u00e4\u00e4n erinomainen rakenne antaa t\u00e4ydellisen suojan kannettavalle aseelle. Aseiden kuljettaminen ja varastointi kotelossa suojaa varusteita mekaanisilta vaurioilta ja ep\u00e4suotuisilta s\u00e4\u00e4olosuhteilta.<\/p>\n","protected":false},"featured_media":62220,"template":"","meta":{"_acf_changed":false},"product_brand":[],"product_cat":[651,264,645],"product_tag":[],"class_list":{"0":"post-62577","1":"product","2":"type-product","3":"status-publish","4":"has-post-thumbnail","6":"product_cat-matkalaukut","7":"product_cat-taskut-laukut-vyot","8":"product_cat-laukut","10":"first","11":"instock","12":"purchasable","13":"product-type-simple"},"acf":[],"_links":{"self":[{"href":"https:\/\/kingarms.ee\/fi\/wp-json\/wp\/v2\/product\/62577","targetHints":{"allow":["GET"]}}],"collection":[{"href":"https:\/\/kingarms.ee\/fi\/wp-json\/wp\/v2\/product"}],"about":[{"href":"https:\/\/kingarms.ee\/fi\/wp-json\/wp\/v2\/types\/product"}],"wp:featuredmedia":[{"embeddable":true,"href":"https:\/\/kingarms.ee\/fi\/wp-json\/wp\/v2\/media\/62220"}],"wp:attachment":[{"href":"https:\/\/kingarms.ee\/fi\/wp-json\/wp\/v2\/media?parent=62577"}],"wp:term":[{"taxonomy":"product_brand","embeddable":true,"href":"https:\/\/kingarms.ee\/fi\/wp-json\/wp\/v2\/product_brand?post=62577"},{"taxonomy":"product_cat","embeddable":true,"href":"https:\/\/kingarms.ee\/fi\/wp-json\/wp\/v2\/product_cat?post=62577"},{"taxonomy":"product_tag","embeddable":true,"href":"https:\/\/kingarms.ee\/fi\/wp-json\/wp\/v2\/product_tag?post=62577"}],"curies":[{"name":"wp","href":"https:\/\/api.w.org\/{rel}","templated":true}]}}