{"id":62581,"date":"2022-10-03T16:15:20","date_gmt":"2022-10-03T14:09:39","guid":{"rendered":"https:\/\/kingarms.ee\/product\/sparc-solar-red-dot-sight-vortex\/"},"modified":"2024-08-08T14:01:16","modified_gmt":"2024-08-08T11:01:16","slug":"sparc-solar-red-dot-sight-vortex-2","status":"publish","type":"product","link":"https:\/\/kingarms.ee\/fi\/product\/sparc-solar-red-dot-sight-vortex-2\/","title":{"rendered":"SPARC Solar Red Dot Sight  [Vortex]"},"content":{"rendered":"","protected":false},"excerpt":{"rendered":"<p>Aurinkok\u00e4ytt\u00f6inen, automaattinen D-tec-tekniikka vaihtaa automaattisesti aurinkovirrasta akkuvirtaan.<br \/>\nJopa 150 000 tunnin akunkesto<br \/>\nAurinko- ja akkuvoiman k\u00e4ytt\u00f6<br \/>\nLiikeaktivointi mahdollista<br \/>\nAktivoituu automaattisesti liikkeest\u00e4 automaattisen sammutuksen j\u00e4lkeen.<br \/>\nP\u00e4iv\u00e4nvalo kirkas 2 MOA punainen piste<br \/>\nSelke\u00e4 ja tarkka t\u00e4ht\u00e4yspiste<br \/>\nLiikeaktivointi mahdollista<br \/>\nSivulla olevat painonappis\u00e4\u00e4timet<br \/>\nVedenpit\u00e4v\u00e4<br \/>\nFlush<br \/>\nTorneja, joissa ei ole kiinnittymi\u00e4<br \/>\nT\u00e4ysin monipinnoitettu<br \/>\nP\u00e4iv\u00e4nvalo kirkas valaistus<br \/>\nMatta musta anodisoitu mattapintainen matta musta<br \/>\nHuurtumaton<br \/>\n2 y\u00f6kuvausyhteensopivaa asetusta<br \/>\nYksiosainen alusta<br \/>\nIskunkest\u00e4v\u00e4<br \/>\n14 tunnin automaattinen sammutus<br \/>\nIlmainen parallaksi<\/p>\n","protected":false},"featured_media":62264,"template":"","meta":{"_acf_changed":false},"product_brand":[],"product_cat":[660],"product_tag":[],"class_list":{"0":"post-62581","1":"product","2":"type-product","3":"status-publish","4":"has-post-thumbnail","6":"product_cat-punapistetahtaimet","8":"first","9":"instock","10":"purchasable","11":"product-type-simple"},"acf":[],"_links":{"self":[{"href":"https:\/\/kingarms.ee\/fi\/wp-json\/wp\/v2\/product\/62581","targetHints":{"allow":["GET"]}}],"collection":[{"href":"https:\/\/kingarms.ee\/fi\/wp-json\/wp\/v2\/product"}],"about":[{"href":"https:\/\/kingarms.ee\/fi\/wp-json\/wp\/v2\/types\/product"}],"wp:featuredmedia":[{"embeddable":true,"href":"https:\/\/kingarms.ee\/fi\/wp-json\/wp\/v2\/media\/62264"}],"wp:attachment":[{"href":"https:\/\/kingarms.ee\/fi\/wp-json\/wp\/v2\/media?parent=62581"}],"wp:term":[{"taxonomy":"product_brand","embeddable":true,"href":"https:\/\/kingarms.ee\/fi\/wp-json\/wp\/v2\/product_brand?post=62581"},{"taxonomy":"product_cat","embeddable":true,"href":"https:\/\/kingarms.ee\/fi\/wp-json\/wp\/v2\/product_cat?post=62581"},{"taxonomy":"product_tag","embeddable":true,"href":"https:\/\/kingarms.ee\/fi\/wp-json\/wp\/v2\/product_tag?post=62581"}],"curies":[{"name":"wp","href":"https:\/\/api.w.org\/{rel}","templated":true}]}}