{"id":62593,"date":"2022-10-03T16:15:20","date_gmt":"2022-10-03T14:09:46","guid":{"rendered":"https:\/\/kingarms.ee\/product\/karsintasaha-super-accel-210-7-5-silky\/"},"modified":"2024-08-08T14:03:25","modified_gmt":"2024-08-08T11:03:25","slug":"pruning-saw-super-accel-210-7-5-silky-2","status":"publish","type":"product","link":"https:\/\/kingarms.ee\/fi\/product\/pruning-saw-super-accel-210-7-5-silky-2\/","title":{"rendered":"Karsintasaha Super Accel 210-7.5  [Silky]"},"content":{"rendered":"","protected":false},"excerpt":{"rendered":"<p>Super Accel on kevyt (195 g) mutta vahva vetosaha, joka on monien puutarhureiden suosikki. T\u00e4m\u00e4 monipuolinen kokoontaitettava saha on k\u00e4tev\u00e4 pit\u00e4\u00e4 k\u00e4sill\u00e4 ja helppo s\u00e4ilytt\u00e4\u00e4 ty\u00f6kalulaatikossa.<br \/>\nJopa vaikeissa tilanteissa Super Accelia on helppo k\u00e4sitell\u00e4. Esimerkiksi karsiminen tihe\u00e4ss\u00e4 kasvustossa tai karsiminen tikkaiden yl\u00e4puolella. Kahvan ja ter\u00e4n v\u00e4lisen t\u00e4ydellisen kulman ansiosta voit tehd\u00e4 leikkauksia noin 10 asteen kulmassa. T\u00e4m\u00e4 vaatii v\u00e4hemm\u00e4n voimaa ja aiheuttaa v\u00e4hemm\u00e4n t\u00e4rin\u00e4\u00e4, joten voit leikata eritt\u00e4in tasaisesti ja nopeasti. Super Accel leikkaa tasaisesti ja nopeasti kuin kuuma veitsi voita! Lis\u00e4ksi sen kanssa on ilo ty\u00f6skennell\u00e4.<\/p>\n","protected":false},"featured_media":62180,"template":"","meta":{"_acf_changed":false},"product_brand":[],"product_cat":[663],"product_tag":[],"class_list":{"0":"post-62593","1":"product","2":"type-product","3":"status-publish","4":"has-post-thumbnail","6":"product_cat-saed-fi","8":"first","9":"instock","10":"purchasable","11":"product-type-simple"},"acf":[],"_links":{"self":[{"href":"https:\/\/kingarms.ee\/fi\/wp-json\/wp\/v2\/product\/62593","targetHints":{"allow":["GET"]}}],"collection":[{"href":"https:\/\/kingarms.ee\/fi\/wp-json\/wp\/v2\/product"}],"about":[{"href":"https:\/\/kingarms.ee\/fi\/wp-json\/wp\/v2\/types\/product"}],"wp:featuredmedia":[{"embeddable":true,"href":"https:\/\/kingarms.ee\/fi\/wp-json\/wp\/v2\/media\/62180"}],"wp:attachment":[{"href":"https:\/\/kingarms.ee\/fi\/wp-json\/wp\/v2\/media?parent=62593"}],"wp:term":[{"taxonomy":"product_brand","embeddable":true,"href":"https:\/\/kingarms.ee\/fi\/wp-json\/wp\/v2\/product_brand?post=62593"},{"taxonomy":"product_cat","embeddable":true,"href":"https:\/\/kingarms.ee\/fi\/wp-json\/wp\/v2\/product_cat?post=62593"},{"taxonomy":"product_tag","embeddable":true,"href":"https:\/\/kingarms.ee\/fi\/wp-json\/wp\/v2\/product_tag?post=62593"}],"curies":[{"name":"wp","href":"https:\/\/api.w.org\/{rel}","templated":true}]}}