{"id":62600,"date":"2022-10-03T16:15:20","date_gmt":"2022-10-03T14:09:48","guid":{"rendered":"https:\/\/kingarms.ee\/product\/taso-22mm-kiskolle\/"},"modified":"2024-08-08T14:04:50","modified_gmt":"2024-08-08T11:04:50","slug":"taso-22mm-kiskolle","status":"publish","type":"product","link":"https:\/\/kingarms.ee\/fi\/product\/taso-22mm-kiskolle\/","title":{"rendered":"Taso 22mm kiskolle"},"content":{"rendered":"","protected":false},"excerpt":{"rendered":"<p>Taso 22mm kiskolle<\/p>\n<p>22 mm:n vesivaaka &#8211; hy\u00f6dyllinen v\u00e4line, joka helpottaa kiv\u00e4\u00e4rin oikean asennon arviointia ennen laukausta ja opettaa oikean ampuma-asennon.<br \/>\nVaa&#8217;an runko on valmistettu kest\u00e4v\u00e4st\u00e4 anodisoidusta alumiinista, joka kest\u00e4\u00e4 s\u00e4\u00e4olosuhteita ja naarmuja. Selke\u00e4n vertailupisteen avulla voit tarkistaa aseen asennon nopeasti ennen ampumista k\u00e4yt\u00e4nn\u00f6ss\u00e4 irrottamatta silmi\u00e4si kohteesta. Kevyt ja kompakti rakenne ei vaikuta aseen painoon.<\/p>\n","protected":false},"featured_media":62160,"template":"","meta":{"_acf_changed":false},"product_brand":[],"product_cat":[737],"product_tag":[],"class_list":{"0":"post-62600","1":"product","2":"type-product","3":"status-publish","4":"has-post-thumbnail","6":"product_cat-lupaukset-fi","8":"first","9":"onbackorder","10":"product-type-simple"},"acf":[],"_links":{"self":[{"href":"https:\/\/kingarms.ee\/fi\/wp-json\/wp\/v2\/product\/62600","targetHints":{"allow":["GET"]}}],"collection":[{"href":"https:\/\/kingarms.ee\/fi\/wp-json\/wp\/v2\/product"}],"about":[{"href":"https:\/\/kingarms.ee\/fi\/wp-json\/wp\/v2\/types\/product"}],"wp:featuredmedia":[{"embeddable":true,"href":"https:\/\/kingarms.ee\/fi\/wp-json\/wp\/v2\/media\/62160"}],"wp:attachment":[{"href":"https:\/\/kingarms.ee\/fi\/wp-json\/wp\/v2\/media?parent=62600"}],"wp:term":[{"taxonomy":"product_brand","embeddable":true,"href":"https:\/\/kingarms.ee\/fi\/wp-json\/wp\/v2\/product_brand?post=62600"},{"taxonomy":"product_cat","embeddable":true,"href":"https:\/\/kingarms.ee\/fi\/wp-json\/wp\/v2\/product_cat?post=62600"},{"taxonomy":"product_tag","embeddable":true,"href":"https:\/\/kingarms.ee\/fi\/wp-json\/wp\/v2\/product_tag?post=62600"}],"curies":[{"name":"wp","href":"https:\/\/api.w.org\/{rel}","templated":true}]}}