{"id":62615,"date":"2022-10-03T16:15:30","date_gmt":"2022-10-03T14:10:12","guid":{"rendered":"https:\/\/kingarms.ee\/product\/tindersticks-light-my-fire\/"},"modified":"2024-08-08T13:52:06","modified_gmt":"2024-08-08T10:52:06","slug":"tindersticks-light-my-fire-2","status":"publish","type":"product","link":"https:\/\/kingarms.ee\/fi\/product\/tindersticks-light-my-fire-2\/","title":{"rendered":"TinderSticks  [Light My Fire]"},"content":{"rendered":"","protected":false},"excerpt":{"rendered":"<p>TinderSticks [Light My Fire]<\/p>\n<p>Paras, t\u00e4ysin luonnollinen tapa sytytt\u00e4\u00e4 tuli tai grilli<br \/>\n&#8211; Helppo sytytt\u00e4\u00e4, my\u00f6s m\u00e4rk\u00e4n\u00e4<br \/>\n&#8211; Luonnollinen sytytin<br \/>\n&#8211; Tehokas kuuma liekki hartsista<br \/>\n&#8211; Luotettava<\/p>\n","protected":false},"featured_media":62148,"template":"","meta":{"_acf_changed":false},"product_brand":[],"product_cat":[352],"product_tag":[],"class_list":{"0":"post-62615","1":"product","2":"type-product","3":"status-publish","4":"has-post-thumbnail","6":"product_cat-matkatavarat","8":"first","9":"instock","10":"purchasable","11":"product-type-simple"},"acf":[],"_links":{"self":[{"href":"https:\/\/kingarms.ee\/fi\/wp-json\/wp\/v2\/product\/62615","targetHints":{"allow":["GET"]}}],"collection":[{"href":"https:\/\/kingarms.ee\/fi\/wp-json\/wp\/v2\/product"}],"about":[{"href":"https:\/\/kingarms.ee\/fi\/wp-json\/wp\/v2\/types\/product"}],"wp:featuredmedia":[{"embeddable":true,"href":"https:\/\/kingarms.ee\/fi\/wp-json\/wp\/v2\/media\/62148"}],"wp:attachment":[{"href":"https:\/\/kingarms.ee\/fi\/wp-json\/wp\/v2\/media?parent=62615"}],"wp:term":[{"taxonomy":"product_brand","embeddable":true,"href":"https:\/\/kingarms.ee\/fi\/wp-json\/wp\/v2\/product_brand?post=62615"},{"taxonomy":"product_cat","embeddable":true,"href":"https:\/\/kingarms.ee\/fi\/wp-json\/wp\/v2\/product_cat?post=62615"},{"taxonomy":"product_tag","embeddable":true,"href":"https:\/\/kingarms.ee\/fi\/wp-json\/wp\/v2\/product_tag?post=62615"}],"curies":[{"name":"wp","href":"https:\/\/api.w.org\/{rel}","templated":true}]}}