{"id":62616,"date":"2022-10-03T16:15:30","date_gmt":"2022-10-03T14:10:12","guid":{"rendered":"https:\/\/kingarms.ee\/product\/bushsharp-veitsen-teroitin-punainen-sideaine-the-edge\/"},"modified":"2024-08-08T13:52:48","modified_gmt":"2024-08-08T10:52:48","slug":"bushsharp-knife-sharpener-red-tinder-the-edge-2","status":"publish","type":"product","link":"https:\/\/kingarms.ee\/fi\/product\/bushsharp-knife-sharpener-red-tinder-the-edge-2\/","title":{"rendered":"BushSHARP veitsen teroitin punainen + sideaine  [The Edge]"},"content":{"rendered":"","protected":false},"excerpt":{"rendered":"<p>THE EDGE bushSHARP on monik\u00e4ytt\u00f6inen matkailijan teroitin, joka k\u00e4tev\u00e4n kokonsa ansiosta sopii t\u00e4ydellisesti t\u00e4ydent\u00e4m\u00e4\u00e4n jokaisen ulkoilu- ja selviytymisharrastajan EDC-sarjaa. Teroitin mahtuu helposti mihin tahansa taskuun, siin\u00e4 on kevyt polymeerirakenne ja reik\u00e4 k\u00f6ytt\u00e4 tai avainrengasta varten. EDGE bushSHARP -teroitin erottuu monipuolisuudellaan. Yhdell\u00e4 taskuteroittimella voidaan teroittaa veitset, joissa on sile\u00e4 ja sahalaitainen ter\u00e4, sakset, kalastuskoukut ja mets\u00e4stysveitset, joissa on nylkikoukku. Pienest\u00e4 koostaan huolimatta teroittimessa on 3 teroitusaluetta.<\/p>\n","protected":false},"featured_media":62128,"template":"","meta":{"_acf_changed":false},"product_brand":[],"product_cat":[270],"product_tag":[],"class_list":{"0":"post-62616","1":"product","2":"type-product","3":"status-publish","4":"has-post-thumbnail","6":"product_cat-veitset","8":"first","9":"instock","10":"purchasable","11":"product-type-simple"},"acf":[],"_links":{"self":[{"href":"https:\/\/kingarms.ee\/fi\/wp-json\/wp\/v2\/product\/62616","targetHints":{"allow":["GET"]}}],"collection":[{"href":"https:\/\/kingarms.ee\/fi\/wp-json\/wp\/v2\/product"}],"about":[{"href":"https:\/\/kingarms.ee\/fi\/wp-json\/wp\/v2\/types\/product"}],"wp:featuredmedia":[{"embeddable":true,"href":"https:\/\/kingarms.ee\/fi\/wp-json\/wp\/v2\/media\/62128"}],"wp:attachment":[{"href":"https:\/\/kingarms.ee\/fi\/wp-json\/wp\/v2\/media?parent=62616"}],"wp:term":[{"taxonomy":"product_brand","embeddable":true,"href":"https:\/\/kingarms.ee\/fi\/wp-json\/wp\/v2\/product_brand?post=62616"},{"taxonomy":"product_cat","embeddable":true,"href":"https:\/\/kingarms.ee\/fi\/wp-json\/wp\/v2\/product_cat?post=62616"},{"taxonomy":"product_tag","embeddable":true,"href":"https:\/\/kingarms.ee\/fi\/wp-json\/wp\/v2\/product_tag?post=62616"}],"curies":[{"name":"wp","href":"https:\/\/api.w.org\/{rel}","templated":true}]}}