{"id":62670,"date":"2022-10-05T16:31:59","date_gmt":"2022-10-05T13:44:26","guid":{"rendered":"https:\/\/kingarms.ee\/product\/sta-nij-level-3-levy\/"},"modified":"2024-08-08T13:49:13","modified_gmt":"2024-08-08T10:49:13","slug":"sta-nij-level-3-plaat-2","status":"publish","type":"product","link":"https:\/\/kingarms.ee\/fi\/product\/sta-nij-level-3-plaat-2\/","title":{"rendered":"STA NIJ Level 3+ -levy"},"content":{"rendered":"<p><img loading=\"lazy\" decoding=\"async\" class=\"alignnone size-medium wp-image-62666\" src=\"https:\/\/kingarms.ee\/wp-content\/uploads\/2022\/10\/3840258454_w640_h640_broneplita-strike-face-300x300.jpeg\" alt=\"\" width=\"300\" height=\"300\" srcset=\"https:\/\/kingarms.ee\/wp-content\/uploads\/2022\/10\/3840258454_w640_h640_broneplita-strike-face-300x300.jpeg 300w, https:\/\/kingarms.ee\/wp-content\/uploads\/2022\/10\/3840258454_w640_h640_broneplita-strike-face-150x150.jpeg 150w, https:\/\/kingarms.ee\/wp-content\/uploads\/2022\/10\/3840258454_w640_h640_broneplita-strike-face-500x500.jpeg 500w, https:\/\/kingarms.ee\/wp-content\/uploads\/2022\/10\/3840258454_w640_h640_broneplita-strike-face.jpeg 700w\" sizes=\"auto, (max-width: 300px) 100vw, 300px\" \/><\/p>\n","protected":false},"excerpt":{"rendered":"<div class=\"cxmmr5t8 oygrvhab hcukyx3x c1et5uql o9v6fnle\">Ballistinen\/Mortar STA NIJ Level 3+ -levy;<\/div>\n<div class=\"cxmmr5t8 oygrvhab hcukyx3x c1et5uql o9v6fnle\">\n<p>STA-levyj\u00e4 voidaan k\u00e4ytt\u00e4\u00e4 erikseen, eik\u00e4 liiviss\u00e4 tarvitse olla pehme\u00e4\u00e4 NIJ 3A -levy\u00e4.<\/p>\n<p>Suojelu:<\/p>\n<p>.22LR\/380\/9mm<br \/>\n.40\/.45ACP\/.357MAG<br \/>\n357SIG\/.44MAG<br \/>\n7.62\u00d739\/7.62\u00d751\/5.56<\/p>\n<p>Materiaali: UHMWPE;<br \/>\nLautasen mitat: 25x30cm;<br \/>\nSuoja-alue: 25x30cm;<br \/>\nPaksuus: 22mm;<br \/>\nPaino: 1,4kg<\/p>\n<\/div>\n<div class=\"cxmmr5t8 oygrvhab hcukyx3x c1et5uql o9v6fnle\">Tuotemerkki: Armory Estonia<\/div>\n","protected":false},"featured_media":62666,"template":"","meta":{"_acf_changed":false},"product_brand":[],"product_cat":[503],"product_tag":[],"class_list":{"0":"post-62670","1":"product","2":"type-product","3":"status-publish","4":"has-post-thumbnail","6":"product_cat-ballistiset-varusteet","8":"first","9":"instock","10":"taxable","11":"shipping-taxable","12":"purchasable","13":"product-type-simple"},"acf":[],"_links":{"self":[{"href":"https:\/\/kingarms.ee\/fi\/wp-json\/wp\/v2\/product\/62670","targetHints":{"allow":["GET"]}}],"collection":[{"href":"https:\/\/kingarms.ee\/fi\/wp-json\/wp\/v2\/product"}],"about":[{"href":"https:\/\/kingarms.ee\/fi\/wp-json\/wp\/v2\/types\/product"}],"wp:featuredmedia":[{"embeddable":true,"href":"https:\/\/kingarms.ee\/fi\/wp-json\/wp\/v2\/media\/62666"}],"wp:attachment":[{"href":"https:\/\/kingarms.ee\/fi\/wp-json\/wp\/v2\/media?parent=62670"}],"wp:term":[{"taxonomy":"product_brand","embeddable":true,"href":"https:\/\/kingarms.ee\/fi\/wp-json\/wp\/v2\/product_brand?post=62670"},{"taxonomy":"product_cat","embeddable":true,"href":"https:\/\/kingarms.ee\/fi\/wp-json\/wp\/v2\/product_cat?post=62670"},{"taxonomy":"product_tag","embeddable":true,"href":"https:\/\/kingarms.ee\/fi\/wp-json\/wp\/v2\/product_tag?post=62670"}],"curies":[{"name":"wp","href":"https:\/\/api.w.org\/{rel}","templated":true}]}}