{"id":62678,"date":"2022-10-05T16:52:32","date_gmt":"2022-10-05T13:54:57","guid":{"rendered":"https:\/\/kingarms.ee\/product\/sta-nij-taso-4-keraamiset-laatat\/"},"modified":"2024-08-08T13:48:29","modified_gmt":"2024-08-08T10:48:29","slug":"sta-nij-taso-4-keraaminen-levy","status":"publish","type":"product","link":"https:\/\/kingarms.ee\/fi\/product\/sta-nij-taso-4-keraaminen-levy\/","title":{"rendered":"STA NIJ taso 4+ keraamiset laatat"},"content":{"rendered":"<p><img loading=\"lazy\" decoding=\"async\" class=\"alignnone size-medium wp-image-62675\" src=\"https:\/\/kingarms.ee\/wp-content\/uploads\/2022\/10\/3840258454_w640_h640_broneplita-strike-face-1-300x300.jpeg\" alt=\"\" width=\"300\" height=\"300\" srcset=\"https:\/\/kingarms.ee\/wp-content\/uploads\/2022\/10\/3840258454_w640_h640_broneplita-strike-face-1-300x300.jpeg 300w, https:\/\/kingarms.ee\/wp-content\/uploads\/2022\/10\/3840258454_w640_h640_broneplita-strike-face-1-150x150.jpeg 150w, https:\/\/kingarms.ee\/wp-content\/uploads\/2022\/10\/3840258454_w640_h640_broneplita-strike-face-1-500x500.jpeg 500w, https:\/\/kingarms.ee\/wp-content\/uploads\/2022\/10\/3840258454_w640_h640_broneplita-strike-face-1.jpeg 700w\" sizes=\"auto, (max-width: 300px) 100vw, 300px\" \/><\/p>\n","protected":false},"excerpt":{"rendered":"<div class=\"cxmmr5t8 oygrvhab hcukyx3x c1et5uql o9v6fnle\">Ballistinen\/Mortar ICW NIJ Level 4 -levy &#8211; Keraaminen;<\/div>\n<div class=\"cxmmr5t8 oygrvhab hcukyx3x c1et5uql o9v6fnle\">\n<p>ICW-levyj\u00e4 saa k\u00e4ytt\u00e4\u00e4 vain liivin kanssa, jonka sis\u00e4ll\u00e4 on jo NIJ 3A pehme\u00e4 levy (esim. Kevlar).<\/p>\n<p>Levyn mitat: 250x300mm;<br \/>\nPaksuus: 16mm;<br \/>\nPaino: 2,2kg<\/p>\n<p>Suojelu:<\/p>\n<p>.22LR\/380\/9mm<br \/>\n.40\/.45ACP\/.357MAG<br \/>\n357SIG\/.44MAG<br \/>\n7.62\u00d739\/7.62\u00d751\/5.56<\/p>\n<\/div>\n<div class=\"cxmmr5t8 oygrvhab hcukyx3x c1et5uql o9v6fnle\">Tuotemerkki: Armory Estonia<\/div>\n","protected":false},"featured_media":62675,"template":"","meta":{"_acf_changed":false},"product_brand":[],"product_cat":[503],"product_tag":[],"class_list":{"0":"post-62678","1":"product","2":"type-product","3":"status-publish","4":"has-post-thumbnail","6":"product_cat-ballistiset-varusteet","8":"first","9":"onbackorder","10":"taxable","11":"shipping-taxable","12":"product-type-simple"},"acf":[],"_links":{"self":[{"href":"https:\/\/kingarms.ee\/fi\/wp-json\/wp\/v2\/product\/62678","targetHints":{"allow":["GET"]}}],"collection":[{"href":"https:\/\/kingarms.ee\/fi\/wp-json\/wp\/v2\/product"}],"about":[{"href":"https:\/\/kingarms.ee\/fi\/wp-json\/wp\/v2\/types\/product"}],"wp:featuredmedia":[{"embeddable":true,"href":"https:\/\/kingarms.ee\/fi\/wp-json\/wp\/v2\/media\/62675"}],"wp:attachment":[{"href":"https:\/\/kingarms.ee\/fi\/wp-json\/wp\/v2\/media?parent=62678"}],"wp:term":[{"taxonomy":"product_brand","embeddable":true,"href":"https:\/\/kingarms.ee\/fi\/wp-json\/wp\/v2\/product_brand?post=62678"},{"taxonomy":"product_cat","embeddable":true,"href":"https:\/\/kingarms.ee\/fi\/wp-json\/wp\/v2\/product_cat?post=62678"},{"taxonomy":"product_tag","embeddable":true,"href":"https:\/\/kingarms.ee\/fi\/wp-json\/wp\/v2\/product_tag?post=62678"}],"curies":[{"name":"wp","href":"https:\/\/api.w.org\/{rel}","templated":true}]}}